{"id":1317,"date":"2026-02-20T12:03:17","date_gmt":"2026-02-20T11:03:17","guid":{"rendered":"https:\/\/kf.ekf.tuke.sk\/?page_id=1317"},"modified":"2026-04-09T11:19:21","modified_gmt":"2026-04-09T10:19:21","slug":"home","status":"publish","type":"page","link":"https:\/\/kf.ekf.tuke.sk\/","title":{"rendered":"Home"},"content":{"rendered":"\n<div style=\"background-color: #A51890; width: 100vw; margin-left: calc(-50vw + 50%); padding: 100px 0; margin-top: 20px; margin-bottom: 20px;\">\n    <h1 class=\"wp-block-heading has-text-align-center\" style=\"color: #ffffff; margin: 0; font-family: Arial, sans-serif; text-align: center;\">\n        <strong>Katedra financi\u00ed<\/strong>\n    <\/h1>\n<\/div>\n\n\n\n<div style=\"max-width: 1200px; margin: 40px auto; padding: 20px; background: #ffffff; border-top: 6px solid #A51890; box-shadow: 0 10px 30px rgba(0,0,0,0.08); border-radius: 8px; text-align: center; font-family: 'Segoe UI', Arial, sans-serif;\">\n    <h2 style=\"color: #A51890; text-transform: uppercase; letter-spacing: 2px; font-size: 1.3rem; margin-bottom: 20px;\">\ud83c\udfaf N\u00e1\u0161 cie\u013e<\/h2>\n    <p style=\"color: #444; font-size: 1.0rem; line-height: 1.4; font-style: italic;\">\n        \u201ePripravujeme \u0161tudentov na \u00faspe\u0161n\u00fa kari\u00e9ru v re\u00e1lnom svete pe\u0148az\u00ed a biznisu. Na\u0161\u00edm poslan\u00edm je odovzd\u00e1va\u0165 vedomosti a praktick\u00e9 zru\u010dnosti, v\u010faka ktor\u00fdm sa stanete \u017eiadan\u00fdmi expertmi v oblasti <strong>\u00fa\u010dtovn\u00edctva, dan\u00ed, bankovn\u00edctva a modern\u00e9ho podnikania<\/strong>.\u201c\n    <\/p>\n<\/div>\n\n\n\n\n\n\n\n\n\n<div class=\"wp-block-query tuke-novinky-grid is-layout-flow wp-block-query-is-layout-flow\"><ul class=\"columns-2 wp-block-post-template is-layout-grid wp-container-core-post-template-is-layout-17361a50 wp-block-post-template-is-layout-grid\"><li class=\"wp-block-post post-2064 post type-post status-publish format-standard has-post-thumbnail hentry category-department-life category-news tag-aadp20260311\">\n\n<div class=\"wp-block-group\" style=\"padding-top:30px;padding-right:30px;padding-bottom:30px;padding-left:30px\"><div class=\"wp-block-group__inner-container is-layout-flow wp-block-group-is-layout-flow\"><figure class=\"tuke-clanok-group wp-block-post-featured-image\"><img loading=\"lazy\" decoding=\"async\" width=\"370\" height=\"184\" src=\"https:\/\/kf.ekf.tuke.sk\/wp-content\/uploads\/2026\/04\/citi2026.png\" class=\"attachment-post-thumbnail size-post-thumbnail wp-post-image\" alt=\"\" style=\"object-fit:cover;\" srcset=\"https:\/\/kf.ekf.tuke.sk\/wp-content\/uploads\/2026\/04\/citi2026.png 370w, https:\/\/kf.ekf.tuke.sk\/wp-content\/uploads\/2026\/04\/citi2026-300x149.png 300w\" sizes=\"auto, (max-width: 370px) 100vw, 370px\" \/><\/figure>\n\n<div class=\"wp-block-post-date\"><time datetime=\"2026-04-27T14:25:57+01:00\">27 apr\u00edla, 2026<\/time><\/div>\n\n<h2 class=\"wp-block-post-title\"><a href=\"https:\/\/kf.ekf.tuke.sk\/index.php\/2026\/04\/27\/citi-hedging-game-2026\/\" target=\"_self\" >Citi Hedging Game 2026<\/a><\/h2>\n\n<div class=\"wp-block-post-excerpt\"><p class=\"wp-block-post-excerpt__excerpt\">Po roku sa Citibank op\u00e4\u0165 vr\u00e1tila na Ekonomick\u00fa fakultu TUKE, a\u00a0to d\u0148a 10.4.2026, v\u010faka Mat\u00fa\u0161ovi Lesi\u010dkovi, a nadviazala na spolupr\u00e1cu, ktor\u00e1 potvrdzuje v\u00fdznam prep\u00e1jania akademick\u00e9ho prostredia s ekonomickou praxou. Pod veden\u00edm sk\u00fasen\u00fdch lektorov Citi, Ale\u0161a Lej\u010dara a Barbory Komarovej, sa na\u0161i \u0161tudenti venovali t\u00e9mam menov\u00fdch, \u00farokov\u00fdch a komoditn\u00fdch riz\u00edk a mali mo\u017enos\u0165 vidie\u0165, ako sa&hellip; <\/p><\/div><\/div><\/div>\n\n<\/li><li class=\"wp-block-post post-2021 post type-post status-publish format-standard has-post-thumbnail hentry category-department-life category-news tag-aadp20260311\">\n\n<div class=\"wp-block-group\" style=\"padding-top:30px;padding-right:30px;padding-bottom:30px;padding-left:30px\"><div class=\"wp-block-group__inner-container is-layout-flow wp-block-group-is-layout-flow\"><figure class=\"tuke-clanok-group wp-block-post-featured-image\"><img loading=\"lazy\" decoding=\"async\" width=\"2560\" height=\"1707\" src=\"https:\/\/kf.ekf.tuke.sk\/wp-content\/uploads\/2026\/04\/IMG_9981-scaled.jpg\" class=\"attachment-post-thumbnail size-post-thumbnail wp-post-image\" alt=\"\" style=\"object-fit:cover;\" srcset=\"https:\/\/kf.ekf.tuke.sk\/wp-content\/uploads\/2026\/04\/IMG_9981-scaled.jpg 2560w, https:\/\/kf.ekf.tuke.sk\/wp-content\/uploads\/2026\/04\/IMG_9981-300x200.jpg 300w, https:\/\/kf.ekf.tuke.sk\/wp-content\/uploads\/2026\/04\/IMG_9981-1024x683.jpg 1024w, https:\/\/kf.ekf.tuke.sk\/wp-content\/uploads\/2026\/04\/IMG_9981-768x512.jpg 768w, https:\/\/kf.ekf.tuke.sk\/wp-content\/uploads\/2026\/04\/IMG_9981-1536x1024.jpg 1536w, https:\/\/kf.ekf.tuke.sk\/wp-content\/uploads\/2026\/04\/IMG_9981-2048x1365.jpg 2048w, https:\/\/kf.ekf.tuke.sk\/wp-content\/uploads\/2026\/04\/IMG_9981-930x620.jpg 930w\" sizes=\"auto, (max-width: 2560px) 100vw, 2560px\" \/><\/figure>\n\n<div class=\"wp-block-post-date\"><time datetime=\"2026-04-27T13:33:39+01:00\">27 apr\u00edla, 2026<\/time><\/div>\n\n<h2 class=\"wp-block-post-title\"><a href=\"https:\/\/kf.ekf.tuke.sk\/index.php\/2026\/04\/27\/dane-z-vysky-2026-ked-sa-teoria-stretne-s-realnym-svetom-dani\/\" target=\"_self\" >Dane z v\u00fd\u0161ky 2026: Ke\u010f sa te\u00f3ria stretne s re\u00e1lnym svetom dan\u00ed<\/a><\/h2>\n\n<div class=\"wp-block-post-excerpt\"><p class=\"wp-block-post-excerpt__excerpt\">Tret\u00ed ro\u010dn\u00edk unik\u00e1tneho podujatia Dane z v\u00fd\u0161ky, ktor\u00fd sa konal 22.04.2026, op\u00e4\u0165 potvrdil, \u017ee prepojenie akademickej p\u00f4dy s praxou m\u00e1 pre bud\u00facich odborn\u00edkov nesmierny v\u00fdznam. Ekonomick\u00e1 fakulta TUKE v \u00fazkej spolupr\u00e1ci so Slovenskou komorou da\u0148ov\u00fdch poradcov pripravila de\u0148 pln\u00fd dynamick\u00fdch diskusi\u00ed a cenn\u00fdch stretnut\u00ed, ktor\u00e9ho sa z\u00fa\u010dastnilo pribli\u017ene 120 \u0161tudentov z troch r\u00f4znych univerz\u00edt. Hlavn\u00fdm&hellip; <\/p><\/div><\/div><\/div>\n\n<\/li><li class=\"wp-block-post post-1979 post type-post status-publish format-standard has-post-thumbnail hentry category-department-life category-news tag-aadp20260311\">\n\n<div class=\"wp-block-group\" style=\"padding-top:30px;padding-right:30px;padding-bottom:30px;padding-left:30px\"><div class=\"wp-block-group__inner-container is-layout-flow wp-block-group-is-layout-flow\"><figure class=\"tuke-clanok-group wp-block-post-featured-image\"><img loading=\"lazy\" decoding=\"async\" width=\"2560\" height=\"1922\" src=\"https:\/\/kf.ekf.tuke.sk\/wp-content\/uploads\/2026\/03\/PXL_20260311_093434669-scaled.jpg\" class=\"attachment-post-thumbnail size-post-thumbnail wp-post-image\" alt=\"\" style=\"object-fit:cover;\" srcset=\"https:\/\/kf.ekf.tuke.sk\/wp-content\/uploads\/2026\/03\/PXL_20260311_093434669-scaled.jpg 2560w, https:\/\/kf.ekf.tuke.sk\/wp-content\/uploads\/2026\/03\/PXL_20260311_093434669-300x225.jpg 300w, https:\/\/kf.ekf.tuke.sk\/wp-content\/uploads\/2026\/03\/PXL_20260311_093434669-1024x769.jpg 1024w, https:\/\/kf.ekf.tuke.sk\/wp-content\/uploads\/2026\/03\/PXL_20260311_093434669-768x577.jpg 768w, https:\/\/kf.ekf.tuke.sk\/wp-content\/uploads\/2026\/03\/PXL_20260311_093434669-1536x1153.jpg 1536w, https:\/\/kf.ekf.tuke.sk\/wp-content\/uploads\/2026\/03\/PXL_20260311_093434669-2048x1538.jpg 2048w\" sizes=\"auto, (max-width: 2560px) 100vw, 2560px\" \/><\/figure>\n\n<div class=\"wp-block-post-date\"><time datetime=\"2026-04-09T11:03:56+01:00\">9 apr\u00edla, 2026<\/time><\/div>\n\n<h2 class=\"wp-block-post-title\"><a href=\"https:\/\/kf.ekf.tuke.sk\/index.php\/2026\/04\/09\/zastupca-tpa-audit-s-r-o-na-prednaske-z-predmetu-auditorstvo-a-danove-poradenstvo\/\" target=\"_self\" >Z\u00e1stupca TPA audit s.r.o. na predn\u00e1\u0161ke z predmetu Aud\u00edtorstvo a da\u0148ov\u00e9 poradenstvo<\/a><\/h2>\n\n<div class=\"wp-block-post-excerpt\"><p class=\"wp-block-post-excerpt__excerpt\">V stredu\u00a011. 3. 2026 sa na predn\u00e1\u0161ke z predmetu Aud\u00edtorstvo a da\u0148ov\u00e9 poradenstvo predstavil hos\u0165 Juraj Tob\u00e1k zo spolo\u010dnosti TPA audit s.r.o. \u0160tudentom pribl\u00ed\u017eil vybran\u00e9 t\u00e9my z aud\u00edtorstva so zameran\u00edm na vyu\u017e\u00edvanie digitaliz\u00e1cie a automatiz\u00e1cie v \u00fa\u010dtovn\u00edctve, najm\u00e4 vo ve\u013ek\u00fdch spolo\u010dnostiach. Z\u00e1rove\u0148 predstavil svoju kari\u00e9rnu cestu od trainee poz\u00edcie a\u017e po majite\u013ea firmy, \u010d\u00edm pon\u00fakol&hellip; <\/p><\/div><\/div><\/div>\n\n<\/li><li class=\"wp-block-post post-1957 post type-post status-publish format-standard has-post-thumbnail hentry category-department-life category-news tag-aadp20260318\">\n\n<div class=\"wp-block-group\" style=\"padding-top:30px;padding-right:30px;padding-bottom:30px;padding-left:30px\"><div class=\"wp-block-group__inner-container is-layout-flow wp-block-group-is-layout-flow\"><figure class=\"tuke-clanok-group wp-block-post-featured-image\"><img loading=\"lazy\" decoding=\"async\" width=\"2560\" height=\"1922\" src=\"https:\/\/kf.ekf.tuke.sk\/wp-content\/uploads\/2026\/04\/PXL_20260318_081524359-scaled.jpg\" class=\"attachment-post-thumbnail size-post-thumbnail wp-post-image\" alt=\"\" style=\"object-fit:cover;\" srcset=\"https:\/\/kf.ekf.tuke.sk\/wp-content\/uploads\/2026\/04\/PXL_20260318_081524359-scaled.jpg 2560w, https:\/\/kf.ekf.tuke.sk\/wp-content\/uploads\/2026\/04\/PXL_20260318_081524359-300x225.jpg 300w, https:\/\/kf.ekf.tuke.sk\/wp-content\/uploads\/2026\/04\/PXL_20260318_081524359-1024x769.jpg 1024w, https:\/\/kf.ekf.tuke.sk\/wp-content\/uploads\/2026\/04\/PXL_20260318_081524359-768x577.jpg 768w, https:\/\/kf.ekf.tuke.sk\/wp-content\/uploads\/2026\/04\/PXL_20260318_081524359-1536x1153.jpg 1536w, https:\/\/kf.ekf.tuke.sk\/wp-content\/uploads\/2026\/04\/PXL_20260318_081524359-2048x1538.jpg 2048w\" sizes=\"auto, (max-width: 2560px) 100vw, 2560px\" \/><\/figure>\n\n<div class=\"wp-block-post-date\"><time datetime=\"2026-04-09T10:09:56+01:00\">9 apr\u00edla, 2026<\/time><\/div>\n\n<h2 class=\"wp-block-post-title\"><a href=\"https:\/\/kf.ekf.tuke.sk\/index.php\/2026\/04\/09\/manzeri-auditu-kpmg-na-prednaske-z-auditorstva-a-danoveho-poradenstva\/\" target=\"_self\" >Man\u017e\u00e9ri auditu KPMG na predn\u00e1\u0161ke z Aud\u00edtorstva a da\u0148ov\u00e9ho poradenstva<\/a><\/h2>\n\n<div class=\"wp-block-post-excerpt\"><p class=\"wp-block-post-excerpt__excerpt\">V stredu\u00a018. 3. 2026 sa na predn\u00e1\u0161ke z predmetu Aud\u00edtorstvo a da\u0148ov\u00e9 poradenstvo predstavili mana\u017e\u00e9ri auditu spolo\u010dnosti KPMG (Ing. Stanislav Pich, ACCA a Ing. \u013dubom\u00edr \u0160m\u00e1lik, CA). \u0160tudentom pribl\u00ed\u017eili rizik\u00e1, ktor\u00fdm aud\u00edtor \u010del\u00ed po\u010das auditu, pouk\u00e1zali na mo\u017en\u00e9 nespr\u00e1vnosti v \u00fa\u010dtovnej z\u00e1vierke a vysvetlili, ak\u00fdm sp\u00f4sobom aud\u00edtor reaguje na identifikovan\u00e9 rizik\u00e1 vr\u00e1tane vyu\u017e\u00edvan\u00fdch n\u00e1strojov. Na&hellip; <\/p><\/div><\/div><\/div>\n\n<\/li><li class=\"wp-block-post post-1737 post type-post status-publish format-standard has-post-thumbnail hentry category-department-life category-news tag-vf_20260316\">\n\n<div class=\"wp-block-group\" style=\"padding-top:30px;padding-right:30px;padding-bottom:30px;padding-left:30px\"><div class=\"wp-block-group__inner-container is-layout-flow wp-block-group-is-layout-flow\"><figure class=\"tuke-clanok-group wp-block-post-featured-image\"><img loading=\"lazy\" decoding=\"async\" width=\"2560\" height=\"1920\" src=\"https:\/\/kf.ekf.tuke.sk\/wp-content\/uploads\/2026\/03\/20260316_091546-1-scaled.jpg\" class=\"attachment-post-thumbnail size-post-thumbnail wp-post-image\" alt=\"\" style=\"object-fit:cover;\" srcset=\"https:\/\/kf.ekf.tuke.sk\/wp-content\/uploads\/2026\/03\/20260316_091546-1-scaled.jpg 2560w, https:\/\/kf.ekf.tuke.sk\/wp-content\/uploads\/2026\/03\/20260316_091546-1-300x225.jpg 300w, https:\/\/kf.ekf.tuke.sk\/wp-content\/uploads\/2026\/03\/20260316_091546-1-1024x768.jpg 1024w, https:\/\/kf.ekf.tuke.sk\/wp-content\/uploads\/2026\/03\/20260316_091546-1-768x576.jpg 768w, https:\/\/kf.ekf.tuke.sk\/wp-content\/uploads\/2026\/03\/20260316_091546-1-1536x1152.jpg 1536w, https:\/\/kf.ekf.tuke.sk\/wp-content\/uploads\/2026\/03\/20260316_091546-1-2048x1536.jpg 2048w\" sizes=\"auto, (max-width: 2560px) 100vw, 2560px\" \/><\/figure>\n\n<div class=\"wp-block-post-date\"><time datetime=\"2026-03-19T11:28:40+01:00\">19 marca, 2026<\/time><\/div>\n\n<h2 class=\"wp-block-post-title\"><a href=\"https:\/\/kf.ekf.tuke.sk\/index.php\/2026\/03\/19\/zastupca-iness-na-prednaske-z-verejnych-financii\/\" target=\"_self\" >Z\u00e1stupca INESS na predn\u00e1\u0161ke z Verejn\u00fdch financi\u00ed<\/a><\/h2>\n\n<div class=\"wp-block-post-excerpt\"><p class=\"wp-block-post-excerpt__excerpt\">V pondelok 16.03.2026 na predn\u00e1\u0161ke z predmetu Verejn\u00e9 financie vyst\u00fapil projektov\u00fd mana\u017e\u00e9r INESS Richard Vilkus. \u0160tudentom pribl\u00ed\u017eil s\u00fa\u010dasn\u00fd stav verejn\u00fdch financi\u00ed na Slovensku, vysvetlil ko\u013eko n\u00e1s stoja jednotliv\u00e9 opatrenia a uk\u00e1zal ako vyzer\u00e1 &#8220;Vesm\u00edr verejn\u00fdch v\u00fddavkov&#8221;. <\/p><\/div><\/div><\/div>\n\n<\/li><li class=\"wp-block-post post-1452 post type-post status-publish format-standard has-post-thumbnail hentry category-news category-uncategorized\">\n\n<div class=\"wp-block-group\" style=\"padding-top:30px;padding-right:30px;padding-bottom:30px;padding-left:30px\"><div class=\"wp-block-group__inner-container is-layout-flow wp-block-group-is-layout-flow\"><figure class=\"tuke-clanok-group wp-block-post-featured-image\"><img loading=\"lazy\" decoding=\"async\" width=\"261\" height=\"103\" src=\"https:\/\/kf.ekf.tuke.sk\/wp-content\/uploads\/2026\/02\/kpmg_logo-e1772187159586.png\" class=\"attachment-post-thumbnail size-post-thumbnail wp-post-image\" alt=\"\" style=\"object-fit:cover;\" \/><\/figure>\n\n<div class=\"wp-block-post-date\"><time datetime=\"2026-02-27T11:11:44+01:00\">27 febru\u00e1ra, 2026<\/time><\/div>\n\n<h2 class=\"wp-block-post-title\"><a href=\"https:\/\/kf.ekf.tuke.sk\/index.php\/2026\/02\/27\/prednaska-z-predmetu-auditorstvo-a-danove-poradenstvo-2\/\" target=\"_self\" >Predn\u00e1\u0161ka z predmetu Aud\u00edtorstvo a da\u0148ov\u00e9 poradenstvo<\/a><\/h2>\n\n<div class=\"wp-block-post-excerpt\"><p class=\"wp-block-post-excerpt__excerpt\">D\u0148a\u00a018.03.2026 o 09:10\u00a0sa v posluch\u00e1rni ZP2 v r\u00e1mci predn\u00e1\u0161ky z predmetu Aud\u00edtorstvo a da\u0148ov\u00e9 poradenstvo priv\u00edtame hos\u0165a\u00a0zo spolo\u010dnosti KPMG, ktor\u00fd \u0161tudentom pribl\u00ed\u017ei t\u00e9mu Reakcia aud\u00edtora na identifikovan\u00e9 rizik\u00e1. <\/p><\/div><\/div><\/div>\n\n<\/li><li class=\"wp-block-post post-1447 post type-post status-publish format-standard has-post-thumbnail hentry category-news category-prednasky\">\n\n<div class=\"wp-block-group\" style=\"padding-top:30px;padding-right:30px;padding-bottom:30px;padding-left:30px\"><div class=\"wp-block-group__inner-container is-layout-flow wp-block-group-is-layout-flow\"><figure class=\"tuke-clanok-group wp-block-post-featured-image\"><img loading=\"lazy\" decoding=\"async\" width=\"157\" height=\"118\" src=\"https:\/\/kf.ekf.tuke.sk\/wp-content\/uploads\/2026\/02\/tpa_audit_logo-e1772187219858.png\" class=\"attachment-post-thumbnail size-post-thumbnail wp-post-image\" alt=\"\" style=\"object-fit:cover;\" \/><\/figure>\n\n<div class=\"wp-block-post-date\"><time datetime=\"2026-02-27T11:02:02+01:00\">27 febru\u00e1ra, 2026<\/time><\/div>\n\n<h2 class=\"wp-block-post-title\"><a href=\"https:\/\/kf.ekf.tuke.sk\/index.php\/2026\/02\/27\/prednaska-z-predmetu-auditorstvo-a-danove-poradenstvo\/\" target=\"_self\" >Predn\u00e1\u0161ka z predmetu Aud\u00edtorstvo a da\u0148ov\u00e9 poradenstvo<\/a><\/h2>\n\n<div class=\"wp-block-post-excerpt\"><p class=\"wp-block-post-excerpt__excerpt\">D\u0148a 11.03.2026 o 09:10 sa v posluch\u00e1rni ZP2 v r\u00e1mci predn\u00e1\u0161ky z predmetu Aud\u00edtorstvo a da\u0148ov\u00e9 poradenstvo priv\u00edtame hos\u0165a Juraja Tob\u00e1ka zo spolo\u010dnosti TPA audit s.r.o. s predn\u00e1\u0161kou na t\u00e9mu: Osobitn\u00e1 t\u00e9ma aud\u00edtorstva, digitaliz\u00e1cia a motiva\u010dnou \u010das\u0165ou &#8220;od trainee po majite\u013ea firmy&#8221;. <\/p><\/div><\/div><\/div>\n\n<\/li><li class=\"wp-block-post post-1309 post type-post status-publish format-standard has-post-thumbnail hentry category-news category-uncategorized tag-pf_2026-03-01\">\n\n<div class=\"wp-block-group\" style=\"padding-top:30px;padding-right:30px;padding-bottom:30px;padding-left:30px\"><div class=\"wp-block-group__inner-container is-layout-flow wp-block-group-is-layout-flow\"><figure class=\"tuke-clanok-group wp-block-post-featured-image\"><img loading=\"lazy\" decoding=\"async\" width=\"150\" height=\"61\" src=\"https:\/\/kf.ekf.tuke.sk\/wp-content\/uploads\/2026\/02\/image-e1771593763243.png\" class=\"attachment-post-thumbnail size-post-thumbnail wp-post-image\" alt=\"\" style=\"object-fit:cover;\" \/><\/figure>\n\n<div class=\"wp-block-post-date\"><time datetime=\"2026-02-20T11:26:42+01:00\">20 febru\u00e1ra, 2026<\/time><\/div>\n\n<h2 class=\"wp-block-post-title\"><a href=\"https:\/\/kf.ekf.tuke.sk\/index.php\/2026\/02\/20\/prednaska-z-predmetu-podnikove-financie-2\/\" target=\"_self\" >Predn\u00e1\u0161ka z predmetu Podnikov\u00e9 financie<\/a><\/h2>\n\n<div class=\"wp-block-post-excerpt\"><p class=\"wp-block-post-excerpt__excerpt\">D\u0148a 13.04.2026 o 15:10 sa v posluch\u00e1rni ZP2 uskuto\u010dn\u00ed predn\u00e1\u0161ka z predmetu Podnikov\u00e9 financie na t\u00e9mu Podnikov\u00e9 financie &#8211; aplik\u00e1cia v praxi. Predn\u00e1\u0161a\u0165 bud\u00fa Andrea Piklov\u00e1 a Eva Ivan\u010dov\u00e1 zo spolo\u010dnosti Nidec Global Appliance Slovakia. <\/p><\/div><\/div><\/div>\n\n<\/li><\/ul>\n\n<nav class=\"wp-block-query-pagination is-layout-flex wp-block-query-pagination-is-layout-flex\" aria-label=\"Str\u00e1nkovanie\">\n\n\n<div class=\"wp-block-query-pagination-numbers\"><span aria-current=\"page\" class=\"page-numbers current\">1<\/span>\n<a class=\"page-numbers\" href=\"?query-50-page=2\">2<\/a>\n<a class=\"page-numbers\" href=\"?query-50-page=3\">3<\/a>\n<a class=\"page-numbers\" href=\"?query-50-page=4\">4<\/a><\/div>\n\n<a href=\"\/index.php\/wp-json\/wp\/v2\/pages\/1317?query-50-page=2\" class=\"wp-block-query-pagination-next\">Nasleduj\u00faca str\u00e1nka<\/a>\n<\/nav><\/div>\n","protected":false},"excerpt":{"rendered":"<p>Katedra financi\u00ed \ud83c\udfaf N\u00e1\u0161 cie\u013e \u201ePripravujeme \u0161tudentov na \u00faspe\u0161n\u00fa kari\u00e9ru v re\u00e1lnom svete pe\u0148az\u00ed a biznisu. Na\u0161\u00edm poslan\u00edm je odovzd\u00e1va\u0165 vedomosti a praktick\u00e9 zru\u010dnosti, v\u010faka ktor\u00fdm sa stanete \u017eiadan\u00fdmi expertmi v oblasti \u00fa\u010dtovn\u00edctva, dan\u00ed, bankovn\u00edctva a modern\u00e9ho podnikania.\u201c<\/p>\n","protected":false},"author":1,"featured_media":0,"parent":0,"menu_order":0,"comment_status":"closed","ping_status":"closed","template":"","meta":{"neve_meta_sidebar":"","neve_meta_container":"","neve_meta_enable_content_width":"off","neve_meta_content_width":100,"neve_meta_title_alignment":"","neve_meta_author_avatar":"","neve_post_elements_order":"","neve_meta_disable_header":"","neve_meta_disable_footer":"","neve_meta_disable_title":"on","_themeisle_gutenberg_block_has_review":false,"footnotes":""},"class_list":["post-1317","page","type-page","status-publish","hentry"],"_links":{"self":[{"href":"https:\/\/kf.ekf.tuke.sk\/index.php\/wp-json\/wp\/v2\/pages\/1317","targetHints":{"allow":["GET"]}}],"collection":[{"href":"https:\/\/kf.ekf.tuke.sk\/index.php\/wp-json\/wp\/v2\/pages"}],"about":[{"href":"https:\/\/kf.ekf.tuke.sk\/index.php\/wp-json\/wp\/v2\/types\/page"}],"author":[{"embeddable":true,"href":"https:\/\/kf.ekf.tuke.sk\/index.php\/wp-json\/wp\/v2\/users\/1"}],"replies":[{"embeddable":true,"href":"https:\/\/kf.ekf.tuke.sk\/index.php\/wp-json\/wp\/v2\/comments?post=1317"}],"version-history":[{"count":34,"href":"https:\/\/kf.ekf.tuke.sk\/index.php\/wp-json\/wp\/v2\/pages\/1317\/revisions"}],"predecessor-version":[{"id":1991,"href":"https:\/\/kf.ekf.tuke.sk\/index.php\/wp-json\/wp\/v2\/pages\/1317\/revisions\/1991"}],"wp:attachment":[{"href":"https:\/\/kf.ekf.tuke.sk\/index.php\/wp-json\/wp\/v2\/media?parent=1317"}],"curies":[{"name":"wp","href":"https:\/\/api.w.org\/{rel}","templated":true}]}}