{"id":1409,"date":"2026-02-26T11:44:37","date_gmt":"2026-02-26T10:44:37","guid":{"rendered":"https:\/\/kf.ekf.tuke.sk\/?page_id=1409"},"modified":"2026-03-12T10:02:04","modified_gmt":"2026-03-12T09:02:04","slug":"o-nas","status":"publish","type":"page","link":"https:\/\/kf.ekf.tuke.sk\/index.php\/o-nas\/","title":{"rendered":"O n\u00e1s"},"content":{"rendered":"\n<div style=\"background-color: #A51890; width: 100vw; margin-left: calc(-50vw + 50%); padding: 100px 0; margin-top: 20px; margin-bottom: 20px;\">\n    <h1 class=\"wp-block-heading has-text-align-center\" style=\"color: #ffffff; margin: 0; font-family: Arial, sans-serif; text-align: center;\">\n        <strong>O katedre financi\u00ed<\/strong>\n    <\/h1>\n<\/div>\n\n\n\n<div class=\"wp-block-group profil-sekcia\"><div class=\"wp-block-group__inner-container is-layout-constrained wp-block-group-is-layout-constrained\">\n<p><strong>Katedra financi\u00ed TUKE: Formujeme expertov pre svet financi\u00ed a verejnej spr\u00e1vy<\/strong><\/p>\n\n\n\n<p>Katedra financi\u00ed zabezpe\u010duje odborn\u00fa pr\u00edpravu \u0161tudentov Ekonomickej fakulty TUKE v k\u013e\u00fa\u010dov\u00fdch \u0161tudijn\u00fdch programoch:<\/p>\n\n\n\n<ul class=\"wp-block-list\">\n<li><strong>Financie, bankovn\u00edctvo a investovanie (FBI)<\/strong><\/li>\n\n\n\n<li><strong>Ekonomika a mana\u017ement verejnej spr\u00e1vy (EaMVS)<\/strong><\/li>\n<\/ul>\n\n\n\n<p>Na\u0161\u00edm poslan\u00edm je vychov\u00e1va\u0165 finan\u010dn\u00fdch mana\u017e\u00e9rov a ekon\u00f3mov so znalos\u0165ami v oblasti finan\u010dn\u00fdch trhov, deriv\u00e1tov, bankovn\u00edctva a \u00fa\u010dtovn\u00edctva. \u0160tudentov bakal\u00e1rskeho a in\u017einierskeho \u0161t\u00fadia profilujeme tak, aby rozumeli komplexn\u00fdm vz\u0165ahom v ekonomike a dok\u00e1zali ich aplikova\u0165 v praxi.<\/p>\n\n\n\n<p>Cie\u013eom cel\u00e9ho n\u00e1\u0161ho t\u00edmu je odovzd\u00e1va\u0165 vedomosti na vysokej \u00farovni a pripravi\u0165 absolventov, ktor\u00ed s\u00fa \u017eiadan\u00ed na trhu pr\u00e1ce \u2013 \u010di u\u017e v bankovn\u00edctve, daniach, burzovn\u00edctve alebo vo vlastnom podnikan\u00ed.<\/p>\n\n\n<div class=\"wp-block-image upraveny-obrazok\">\n<figure data-wp-context=\"{&quot;imageId&quot;:&quot;69f6da0cb872e&quot;}\" data-wp-interactive=\"core\/image\" data-wp-key=\"69f6da0cb872e\" class=\"aligncenter size-large wp-lightbox-container\"><img loading=\"lazy\" decoding=\"async\" width=\"1024\" height=\"577\" data-wp-class--hide=\"state.isContentHidden\" data-wp-class--show=\"state.isContentVisible\" data-wp-init=\"callbacks.setButtonStyles\" data-wp-on--click=\"actions.showLightbox\" data-wp-on--load=\"callbacks.setButtonStyles\" data-wp-on-window--resize=\"callbacks.setButtonStyles\" src=\"https:\/\/kf.ekf.tuke.sk\/wp-content\/uploads\/2026\/03\/IMG-20260311-WA0013-1024x577.jpg\" alt=\"\" class=\"wp-image-1589\" srcset=\"https:\/\/kf.ekf.tuke.sk\/wp-content\/uploads\/2026\/03\/IMG-20260311-WA0013-1024x577.jpg 1024w, https:\/\/kf.ekf.tuke.sk\/wp-content\/uploads\/2026\/03\/IMG-20260311-WA0013-300x169.jpg 300w, https:\/\/kf.ekf.tuke.sk\/wp-content\/uploads\/2026\/03\/IMG-20260311-WA0013-768x432.jpg 768w, https:\/\/kf.ekf.tuke.sk\/wp-content\/uploads\/2026\/03\/IMG-20260311-WA0013-1536x865.jpg 1536w, https:\/\/kf.ekf.tuke.sk\/wp-content\/uploads\/2026\/03\/IMG-20260311-WA0013-2048x1153.jpg 2048w\" sizes=\"auto, (max-width: 1024px) 100vw, 1024px\" \/><button\n\t\t\tclass=\"lightbox-trigger\"\n\t\t\ttype=\"button\"\n\t\t\taria-haspopup=\"dialog\"\n\t\t\taria-label=\"Zv\u00e4\u010d\u0161i\u0165\"\n\t\t\tdata-wp-init=\"callbacks.initTriggerButton\"\n\t\t\tdata-wp-on--click=\"actions.showLightbox\"\n\t\t\tdata-wp-style--right=\"state.imageButtonRight\"\n\t\t\tdata-wp-style--top=\"state.imageButtonTop\"\n\t\t>\n\t\t\t<svg xmlns=\"http:\/\/www.w3.org\/2000\/svg\" width=\"12\" height=\"12\" fill=\"none\" viewBox=\"0 0 12 12\">\n\t\t\t\t<path fill=\"#fff\" d=\"M2 0a2 2 0 0 0-2 2v2h1.5V2a.5.5 0 0 1 .5-.5h2V0H2Zm2 10.5H2a.5.5 0 0 1-.5-.5V8H0v2a2 2 0 0 0 2 2h2v-1.5ZM8 12v-1.5h2a.5.5 0 0 0 .5-.5V8H12v2a2 2 0 0 1-2 2H8Zm2-12a2 2 0 0 1 2 2v2h-1.5V2a.5.5 0 0 0-.5-.5H8V0h2Z\" \/>\n\t\t\t<\/svg>\n\t\t<\/button><\/figure>\n<\/div><\/div><\/div>\n\n\n\n<div class=\"wp-block-group profil-sekcia\"><div class=\"wp-block-group__inner-container is-layout-constrained wp-block-group-is-layout-constrained\">\n<p><strong>Ved\u00faca katedry:\u00a0<a href=\"https:\/\/kf.ekf.tuke.sk\/index.php\/andrejovska_alena_sk\/\" data-type=\"page\" data-id=\"1460\">doc. Ing. Alena ANDREJOVSK\u00c1, PhD.<\/a><\/strong><\/p>\n\n\n\n<p><strong>Kontakt:&nbsp;<\/strong><br>Adresa: N\u011bmcovej 32, 040 01 Ko\u0161ice, Slovensk\u00e1 republika<br>Tel. kontakt: +421 55 602 3288<br>E-mail: alena.andrejovska@tuke.sk<\/p>\n<\/div><\/div>\n\n\n\n<p><\/p>\n","protected":false},"excerpt":{"rendered":"<p>O katedre financi\u00ed Katedra financi\u00ed TUKE: Formujeme expertov pre svet financi\u00ed a verejnej spr\u00e1vy Katedra financi\u00ed zabezpe\u010duje odborn\u00fa pr\u00edpravu \u0161tudentov Ekonomickej fakulty TUKE v k\u013e\u00fa\u010dov\u00fdch \u0161tudijn\u00fdch programoch: Na\u0161\u00edm poslan\u00edm je vychov\u00e1va\u0165 finan\u010dn\u00fdch mana\u017e\u00e9rov a ekon\u00f3mov so znalos\u0165ami v oblasti finan\u010dn\u00fdch trhov, deriv\u00e1tov, bankovn\u00edctva a \u00fa\u010dtovn\u00edctva. \u0160tudentov bakal\u00e1rskeho a in\u017einierskeho \u0161t\u00fadia profilujeme tak, aby rozumeli komplexn\u00fdm&hellip;&nbsp;<a href=\"https:\/\/kf.ekf.tuke.sk\/index.php\/o-nas\/\" class=\"\" rel=\"bookmark\">\u010c\u00edta\u0165 viac &raquo;<span class=\"screen-reader-text\">O n\u00e1s<\/span><\/a><\/p>\n","protected":false},"author":1,"featured_media":0,"parent":0,"menu_order":0,"comment_status":"closed","ping_status":"closed","template":"","meta":{"neve_meta_sidebar":"","neve_meta_container":"","neve_meta_enable_content_width":"","neve_meta_content_width":0,"neve_meta_title_alignment":"","neve_meta_author_avatar":"","neve_post_elements_order":"","neve_meta_disable_header":"","neve_meta_disable_footer":"","neve_meta_disable_title":"on","_themeisle_gutenberg_block_has_review":false,"footnotes":""},"class_list":["post-1409","page","type-page","status-publish","hentry"],"_links":{"self":[{"href":"https:\/\/kf.ekf.tuke.sk\/index.php\/wp-json\/wp\/v2\/pages\/1409","targetHints":{"allow":["GET"]}}],"collection":[{"href":"https:\/\/kf.ekf.tuke.sk\/index.php\/wp-json\/wp\/v2\/pages"}],"about":[{"href":"https:\/\/kf.ekf.tuke.sk\/index.php\/wp-json\/wp\/v2\/types\/page"}],"author":[{"embeddable":true,"href":"https:\/\/kf.ekf.tuke.sk\/index.php\/wp-json\/wp\/v2\/users\/1"}],"replies":[{"embeddable":true,"href":"https:\/\/kf.ekf.tuke.sk\/index.php\/wp-json\/wp\/v2\/comments?post=1409"}],"version-history":[{"count":12,"href":"https:\/\/kf.ekf.tuke.sk\/index.php\/wp-json\/wp\/v2\/pages\/1409\/revisions"}],"predecessor-version":[{"id":1604,"href":"https:\/\/kf.ekf.tuke.sk\/index.php\/wp-json\/wp\/v2\/pages\/1409\/revisions\/1604"}],"wp:attachment":[{"href":"https:\/\/kf.ekf.tuke.sk\/index.php\/wp-json\/wp\/v2\/media?parent=1409"}],"curies":[{"name":"wp","href":"https:\/\/api.w.org\/{rel}","templated":true}]}}