{"id":1434,"date":"2026-02-26T14:48:15","date_gmt":"2026-02-26T13:48:15","guid":{"rendered":"https:\/\/kf.ekf.tuke.sk\/?page_id=1434"},"modified":"2026-03-12T12:24:09","modified_gmt":"2026-03-12T11:24:09","slug":"predmety","status":"publish","type":"page","link":"https:\/\/kf.ekf.tuke.sk\/index.php\/predmety\/","title":{"rendered":"Predmety"},"content":{"rendered":"\n<div style=\"background-color: #A51890; width: 100vw; margin-left: calc(-50vw + 50%); padding: 100px 0; margin-top: 20px; margin-bottom: 20px;\">\n    <h1 class=\"wp-block-heading has-text-align-center\" style=\"color: #ffffff; margin: 0; font-family: Arial, sans-serif; text-align: center;\">\n        <strong>Predmety zabezpe\u010dovan\u00e9 katedrou<\/strong>\n    <\/h1>\n<\/div>\n\n\n\n<style>\n    .katedra-tabulka-container {\n        font-family: Arial, sans-serif;\n        margin: 40px 0;\n        overflow-x: auto; \/* Zabezpe\u010d\u00ed skrolovanie na mobiloch *\/\n    }\n\n    .predmety-tabulka {\n        width: 100%;\n        border-collapse: collapse;\n        background-color: #fff;\n        box-shadow: 0 4px 15px rgba(0,0,0,0.05);\n        border-radius: 10px;\n        overflow: hidden;\n    }\n\n    .predmety-tabulka thead {\n        background-color: #A51890;\n        color: #ffffff;\n        text-align: left;\n    }\n\n    .predmety-tabulka th, \n    .predmety-tabulka td {\n        padding: 12px 15px;\n        border-bottom: 1px solid #eee;\n        font-size: 0.9rem;\n    }\n\n    .predmety-tabulka tbody tr:hover {\n        background-color: #f9f2f8;\n    }\n\n    \/* \u0160t\u00fdlovanie typov predmetov *\/\n    .typ-p { color: #d9534f; font-weight: bold; } \/* Povinn\u00fd - jemn\u00e1 \u010derven\u00e1 *\/\n    .typ-pv { color: #5bc0de; font-weight: bold; } \/* Povinne volite\u013en\u00fd - modr\u00e1 *\/\n\n    .tabulka-legenda {\n        margin-top: 15px;\n        font-size: 0.85rem;\n        color: #666;\n        font-style: italic;\n    }\n.externy-vyucujuci {\n    color: #888; \/* Rovnak\u00e1 siv\u00e1 ako v legende *\/\n    \/* font-style: italic; Volite\u013en\u00e9: kurz\u00edva ho e\u0161te viac odl\u00ed\u0161i *\/\n}\n    .externy-vyucujuci a {\n    color: #888; \/* Rovnak\u00e1 siv\u00e1 ako v legende *\/\n    \/* font-style: italic; Volite\u013en\u00e9: kurz\u00edva ho e\u0161te viac odl\u00ed\u0161i *\/\n}\n<\/style>\n\n<div class=\"katedra-tabulka-container\">\n    <table class=\"predmety-tabulka\">\n        <thead>\n            <tr>\n                <th>\u0160tudijn\u00fd program<\/th>\n                <th>K\u00f3d predmetu<\/th>\n                <th>N\u00e1zov predmetu<\/th>\n                <th>Typ<\/th>\n                <th>Zabezpe\u010duje<\/th>\n            <\/tr>\n        <\/thead>\n        <tbody>\n            <tr>\n                <td>FBI_Bc_D_sk<br>\n                    EaMVS_Bc_D_sk<\/td>\n                <td>2404771<\/td>\n                <td><strong>Dane podnikate\u013esk\u00fdch subjektov<\/strong><\/td>\n                <td><span class=\"typ-p\">P<\/span><\/td>\n                <td><a href=\"zoricak_martin_sk\">Ing. Martin ZORI\u010cAK, PhD.<\/a><br>\n                    <a href=\"bajus_radoslav_sk\">Ing. Radoslav BAJUS, PhD.<\/a><br>\n                    <a href=\"oravsky_robert_sk\">Ing. R\u00f3bert ORAVSK\u00dd, PhD.<\/a><br>\n                    <a href=\"tahlova_slavomira_sk\">Ing. Slavom\u00edra \u0164AHLOV\u00c1, PhD.<\/a>\n                <\/td>\n            <\/tr>\n            <tr>\n                <td>FBI_Bc_D_sk<br>\n                    EaMVS_Bc_D_sk<\/td>\n                <td>2400361<\/td>\n                <td><strong>Financie a mena<\/strong><\/td>\n                <td><span class=\"typ-p\">P<\/span><\/td>\n                <td><a href=\"buleca_jan_sk\">doc. Ing. MVDr. J\u00e1n BULECA, PhD.<\/a><br>\n                    <a href=\"dulova_spisakova_emilia_sk\">doc. Ing. Em\u00edlia Du\u013eov\u00e1 SPI\u0160\u00c1KOV\u00c1, PhD.<\/a><br>\n                    <a href=\"tankosova_tatiana_sk\">Ing. Tatiana TA\u0147KO\u0160OV\u00c1<\/a><br>\n                    <a href=\"subova_nikola\">Ing. Nikola \u0160UBOV\u00c1, PhD.<\/a><br>\n                    <a href=\"langova_scarlett_sk\">Ing. Scarlett LANGOV\u00c1<\/a>\n                <\/td>\n            <\/tr>\n            <tr>\n                <td>FBI_Bc_D_sk<br>\n                    EaMVS_Bc_D_sk<\/td>\n                <td>35000271<\/td>\n                <td><strong>Finan\u010dn\u00e9 trhy<\/strong><\/td>\n                <td><span class=\"typ-p\">P<\/span><\/td>\n                <td><a href=\"bajus_radoslav_sk\">Ing. Radoslav BAJUS, PhD.<\/a><br>\n                    <a href=\"bobrikova_martina_sk\">Ing. Martina BOBR\u00cdKOV\u00c1, PhD.<\/a><br>\n                    <a href=\"timkova_monika\">Ing. Monika TIMKOV\u00c1, PhD.<\/a><br>\n                    <a href=\"juskova_dominika_sk\">Ing. Dominika JUSKOV\u00c1<\/a>\n                <\/td>\n            <\/tr>\n            <tr>\n                <td>FBI_Bc_D_sk<br>\n                    EaMVS_Bc_D_sk<\/td>\n                <td>2400211<\/td>\n                <td><strong>Podnikov\u00e9 financie<\/strong><\/td>\n                <td><span class=\"typ-p\">P<\/span><\/td>\n                <td><a href=\"bajus_radoslav_sk\">Ing. Radoslav BAJUS, PhD.<\/a><br>\n                    <a href=\"dulova_spisakova_emilia_sk\">doc. Ing. Em\u00edlia Du\u013eov\u00e1 SPI\u0160\u00c1KOV\u00c1, PhD.<\/a><br>\n                    <a href=\"buleca_jan_sk\">doc. Ing. MVDr. J\u00e1n BULECA, PhD.<\/a><br>\n                    <a href=\"subova_nikola\">Ing. Nikola \u0160UBOV\u00c1, PhD.<\/a>\n                <\/td>\n            <\/tr>\n            <tr>\n                <td>FBI_Bc_D_sk<\/td>\n                <td>2401271<\/td>\n                <td><strong>\u00da\u010dtovn\u00edctvo I.<\/strong><\/td>\n                <td><span class=\"typ-p\">P<\/span><\/td>\n                <td><a href=\"andrejovska_alena_sk\">doc. Ing. Alena ANDREJOVSK\u00c1, PhD.<\/a><br>\n                    <a href=\"hudakova_stasova_lenka\">Ing. Lenka HUD\u00c1KOV\u00c1 STA\u0160OV\u00c1, PhD.<\/a><br>\n                    <a href=\"oravsky_robert_sk\">Ing. R\u00f3bert ORAVSK\u00dd, PhD.<\/a><br>\n                    <a href=\"timkova_monika\">Ing. Monika TIMKOV\u00c1, PhD.<\/a><br>\n                    <a href=\"andrejkovicova_ivana_sk\">Ing. Ivana ANDREJKOVI\u010cOV\u00c1<\/a>\n                <\/td>\n            <\/tr>\n            <tr>\n                <td>FBI_Bc_D_sk<\/td>\n                <td>2401281<\/td>\n                <td><strong>\u00da\u010dtovn\u00edctvo II.<\/strong><\/td>\n                <td><span class=\"typ-p\">P<\/span><\/td>\n                <td><a href=\"hudakova_stasova_lenka\">Ing. Lenka HUD\u00c1KOV\u00c1 STA\u0160OV\u00c1, PhD.<\/a><br>\n                    <a href=\"andrejovska_alena_sk\">doc. Ing. Alena ANDREJOVSK\u00c1, PhD.<\/a><br>\n                    <a href=\"oravsky_robert_sk\">Ing. R\u00f3bert ORAVSK\u00dd, PhD.<\/a><br>\n                    <a href=\"zoricak_martin_sk\">Ing. Martin ZORI\u010cAK, PhD.<\/a><br>\n                    <a href=\"bobcek_zuzana_sk\">Ing. Zuzana BOB\u010cEK<\/a>\n                <\/td>\n            <\/tr>\n            <tr>\n                <td>EaMVS_Bc_D_sk<\/td>\n                <td>2400751<\/td>\n                <td><strong>\u00da\u010dtovn\u00edctvo<\/strong><\/td>\n                <td><span class=\"typ-p\">P<\/span><\/td>\n                <td><a href=\"andrejovska_alena_sk\">doc. Ing. Alena ANDREJOVSK\u00c1, PhD.<\/a><br>\n                    <a href=\"hudakova_stasova_lenka\">Ing. Lenka HUD\u00c1KOV\u00c1 STA\u0160OV\u00c1, PhD.<\/a><br>\n                    <a href=\"zoricak_martin_sk\">Ing. Martin ZORI\u010cAK, PhD.<\/a>\n                <\/td>\n            <\/tr>\n            <tr>\n                <td>EaMVS_Bc_D_sk<\/td>\n                <td>2404801<\/td>\n                <td><strong>\u00da\u010dtovn\u00edctvo verejnej spr\u00e1vy<\/strong><\/td>\n                <td><span class=\"typ-p\">P<\/span><\/td>\n                <td><a href=\"tusan_radoslav_sk\">Ing. Radoslav TU\u0160AN, PhD.<\/a>\n                <\/td>\n            <\/tr>\n            <tr>\n                <td>FBI_Bc_D_sk<br>\n                    EaMVS_Bc_D_sk<\/td>\n                <td>2611114<br>\n                    2405571<\/td>\n                <td><strong>Verejn\u00e9 financie<\/strong><\/td>\n                <td><span class=\"typ-p\">P<\/span><\/td>\n                <td><a href=\"tkacova_andrea_sk\">Ing. Andrea TK\u00c1\u010cOV\u00c1, PhD.<\/a><br>\n                    <a href=\"malicka_lenka_sk\">doc. Ing. Lenka MALI\u010cK\u00c1, PhD.<\/a><br>\n                    <a href=\"toth_peter_sk\">Ing. Peter T\u00d3TH, PhD.<\/a>\n                <\/td>\n            <\/tr>\n            <tr>\n                <td>FBI_Bc_D_sk<\/td>\n                <td>35000085<\/td>\n                <td><strong>Controlling<\/strong><\/td>\n                <td><span class=\"typ-pv\">PV<\/span><\/td>\n                <td><a href=\"bajus_radoslav_sk\">Ing. Radoslav BAJUS, PhD.<\/a><\/td>\n            <\/tr>\n            <tr>\n                <td>FBI_Bc_D_sk<\/td>\n                <td>35000517<\/td>\n                <td><strong>Digitaliz\u00e1cia \u00fa\u010dtovn\u00fdch procesov<\/strong><\/td>\n                <td><span class=\"typ-pv\">PV<\/span><\/td>\n                <td><a href=\"zoricak_martin_sk\">Ing. Martin ZORI\u010cAK, PhD.<\/a><\/td>\n            <\/tr>\n            <tr>\n                <td>FBI_Bc_D_sk<\/td>\n                <td>2400293<\/td>\n                <td><strong>Mana\u017e\u00e9rske \u00fa\u010dtovn\u00edctvo<\/strong><\/td>\n                <td><span class=\"typ-pv\">PV<\/span><\/td>\n                <td><a href=\"hudakova_stasova_lenka\">Ing. Lenka HUD\u00c1KOV\u00c1 STA\u0160OV\u00c1, PhD.<\/a><\/td>\n            <\/tr>\n            <tr>\n                <td>FBI_Bc_D_sk<br>\n                    EaMVS_Bc_D_sk<\/td>\n                <td>35000122<\/td>\n                <td><strong>Rodinn\u00e9 financie<\/strong><\/td>\n                <td><span class=\"typ-pv\">PV<\/span><\/td>\n                <td><a href=\"buleca_jan_sk\">doc. Ing. MVDr. J\u00e1n BULECA, PhD.<\/a><\/td>\n            <\/tr>\n            <tr>\n                <td>FBI_Ing_D_sk<\/td>\n                <td>2402281<\/td>\n                <td><strong>Auditorstvo a da\u0148.poradenstvo<\/strong><\/td>\n                <td><span class=\"typ-p\">P<\/span><\/td>\n                <td><a href=\"tusan_radoslav_sk\">Ing. Radoslav TU\u0160AN, PhD.<\/a><br>\n                    <a href=\"timkova_monika\">Ing. Monika TIMKOV\u00c1, PhD.<\/a><br>\n                    <a href=\"toth_peter_sk\">Ing. Peter T\u00d3TH, PhD.<\/a>\n                <\/td>\n            <\/tr>\n            <tr>\n                <td>FBI_Ing_D_sk<br>\n                    EaMVS_Ing_D_sk<\/td>\n                <td>35000206<\/td>\n                <td><strong>Ekonometria<\/strong><\/td>\n                <td><span class=\"typ-p\">P<\/span><\/td>\n                <td><a href=\"stiblarova_lubica\">Ing. \u013dubica \u0160TIBL\u00c1ROV\u00c1, PhD.<\/a><br>\n                <span class=\"externy-vyucujuci\"><a href=\"https:\/\/ke.ekf.tuke.sk\/index.php\/jana-zausinova\/\"  target=\"_blank\">Ing. Jana ZORI\u010cAKOV\u00c1, PhD.<\/a><\/span>\n                <\/td>\n            <\/tr>\n            <tr>\n                <td>EaMVS_Ing_D_sk<\/td>\n                <td>35000332<\/td>\n                <td><strong>Financie a riadenie neziskov\u00fdch organiz\u00e1ci\u00ed<\/strong><\/td>\n                <td><span class=\"typ-p\">P<\/span><\/td>\n                <td><a href=\"malicka_lenka_sk\">doc. Ing. Lenka MALI\u010cK\u00c1, PhD.<\/a><\/td>\n            <\/tr>\n            <tr>\n                <td>FBI_Ing_D_sk<br>\n                    EaMVS_Bc_D_sk<\/td>\n                <td>2406491<\/td>\n                <td><strong>Financie \u00fazemn\u00fdch samospr\u00e1v<\/strong><\/td>\n                <td><span class=\"typ-p\">P<\/span><\/td>\n                <td><a href=\"malicka_lenka_sk\">doc. Ing. Lenka MALI\u010cK\u00c1, PhD.<\/a><br>\n                    <a href=\"tkacova_andrea_sk\">Ing. Andrea TK\u00c1\u010cOV\u00c1, PhD.<\/a><br>\n                    <a href=\"toth_peter_sk\">Ing. Peter T\u00d3TH, PhD.<\/a>\n                <\/td>\n            <\/tr>\n            <tr>\n                <td>EaMVS_Ing_D_sk<\/td>\n                <td>35000209<\/td>\n                <td><strong>Financie \u017eivotn\u00e9ho prostredia<\/strong><\/td>\n                <td><span class=\"typ-p\">P<\/span><\/td>\n                <td><a href=\"toth_peter_sk\">Ing. Peter T\u00d3TH, PhD.<\/a>\n                <\/td>\n            <\/tr>\n            <tr>\n                <td>EaMVS_Ing_D_sk<\/td>\n                <td>35000331<\/td>\n                <td><strong>Finan\u010dn\u00e9 riadenie a kontrola<\/strong><\/td>\n                <td><span class=\"typ-p\">P<\/span><\/td>\n                <td><a href=\"hudakova_stasova_lenka\">Ing. Lenka HUD\u00c1KOV\u00c1 STA\u0160OV\u00c1, PhD.<\/a>\n                <\/td>\n            <\/tr>\n            <tr>\n                <td>FBI_Ing_D_sk<\/td>\n                <td>35000201<\/td>\n                <td><strong>Finan\u010dn\u00e9 deriv\u00e1ty<\/strong><\/td>\n                <td><span class=\"typ-p\">P<\/span><\/td>\n                <td><span class=\"externy-vyucujuci\"><a href=\"https:\/\/kbai.ekf.tuke.sk\/index.php\/o-katedre\/clenovia-katedry\/michal-soltes\/\"  target=\"_blank\">doc.Ing. Michal \u0160OLT\u00c9S, PhD.<\/a><\/span><br>\n                    <a href=\"bobrikova_martina_sk\">Ing. Martina BOBR\u00cdKOV\u00c1, PhD.<\/a><br>\n                    <a href=\"timkova_monika\">Ing. Monika TIMKOV\u00c1, PhD.<\/a>\n                <\/td>\n            <\/tr>\n            <tr>\n                <td>FBI_Ing_D_sk<\/td>\n                <td>35000011<\/td>\n                <td><strong>Medzin\u00e1rodn\u00e9 financie<\/strong><\/td>\n                <td><span class=\"typ-p\">P<\/span><\/td>\n                <td><span class=\"externy-vyucujuci\"><a href=\"https:\/\/ke.ekf.tuke.sk\/index.php\/marianna-sinicakova\/\"  target=\"_blank\">doc.Ing. Marianna SINI\u010c\u00c1KOV\u00c1, PhD.<\/a><\/span><br>\n                    <a href=\"stiblarova_lubica\">Ing. \u013dubica \u0160TIBL\u00c1ROV\u00c1, PhD.<\/a><br>\n                    <span class=\"externy-vyucujuci\"><a href=\"https:\/\/ke.ekf.tuke.sk\/index.php\/veronika-sulikova\/\"  target=\"_blank\">Ing. Veronika \u0160UL\u00cdKOV\u00c1, PhD.<\/a><\/span><br>\n                    <span class=\"externy-vyucujuci\"><a href=\"https:\/\/ke.ekf.tuke.sk\/index.php\/jana-zausinova\/\"  target=\"_blank\">Ing. Jana ZORI\u010cAKOV\u00c1, PhD.<\/a><\/span><br>\n                    <span class=\"externy-vyucujuci\"><a href=\"https:\/\/ke.ekf.tuke.sk\/index.php\/viktoria-adamkovicova\/\"  target=\"_blank\">Ing. Vikt\u00f3ria ADAMKOVI\u010cOV\u00c1<\/a><\/span>\n                <\/td>\n            <\/tr>\n            <tr>\n                <td>FBI_Ing_D_sk<br>\n                    EaMVS_Ing_D_sk<\/td>\n                <td>2402582<\/td>\n                <td><strong>Odborn\u00e1 diplomov\u00e1 prax<\/strong><\/td>\n                <td><span class=\"typ-p\">P<\/span><\/td>\n                <td><a href=\"zoricak_martin_sk\">Ing. Martin ZORI\u010cAK, PhD.<\/a>\n                <\/td>\n            <\/tr>\n            <tr>\n                <td>FBI_Ing_D_sk<\/td>\n                <td>2401981<\/td>\n                <td><strong>\u00da\u010dtovn\u00edctvo pe\u0148a\u017en\u00fdch \u00fastavov<\/strong><\/td>\n                <td><span class=\"typ-p\">P<\/span><\/td>\n                <td><a href=\"andrejovska_alena_sk\">doc. Ing. Alena ANDREJOVSK\u00c1, PhD.<\/a><br>\n                    <a href=\"tusan_radoslav_sk\">Ing. Radoslav TU\u0160AN, PhD.<\/a><br>\n                    <a href=\"zoricak_martin_sk\">Ing. Martin ZORI\u010cAK, PhD.<\/a><br>\n                    <a href=\"bobcek_zuzana_sk\">Ing. Zuzana BOB\u010cEK<\/a>\n                <\/td>\n            <\/tr>\n            <tr>\n                <td>FBI_Ing_D_sk<br>\n                    EaMVS_Ing_D_sk<\/td>\n                <td>35000293<\/td>\n                <td><strong>Aplikovan\u00e1 ekonometria<\/strong><\/td>\n                <td><span class=\"typ-pv\">PV<\/span><\/td>\n                <td><a href=\"stiblarova_lubica\">Ing. \u013dubica \u0160TIBL\u00c1ROV\u00c1, PhD.<\/a><\/td>\n            <\/tr>\n            <tr>\n                <td>FBI_Ing_D_sk<\/td>\n                <td>35000335<\/td>\n                <td><strong>Da\u0148ov\u00e9 zru\u010dnosti v podnikan\u00ed<\/strong><\/td>\n                <td><span class=\"typ-pv\">PV<\/span><\/td>\n                <td><a href=\"oravsky_robert_sk\">Ing. R\u00f3bert ORAVSK\u00dd, PhD.<\/a><\/td>\n            <\/tr>\n            <tr>\n                <td>FBI_Ing_D_sk<\/td>\n                <td>35000523<\/td>\n                <td><strong>Financial Accounting<\/strong><\/td>\n                <td><span class=\"typ-pv\">PV<\/span><\/td>\n                <td><a href=\"hudakova_stasova_lenka\">Ing. Lenka HUD\u00c1KOV\u00c1 STA\u0160OV\u00c1, PhD.<\/a><\/td>\n            <\/tr>\n            <tr>\n                <td>FBI_Ing_D_sk<\/td>\n                <td>35000515<\/td>\n                <td><strong>Financial Reporting<\/strong><\/td>\n                <td><span class=\"typ-pv\">PV<\/span><\/td>\n                <td><a href=\"andrejovska_alena_sk\">doc. Ing. Alena ANDREJOVSK\u00c1, PhD.<\/a><br>\n                    <a href=\"andrejkovicova_ivana_sk\">Ing. Ivana ANDREJKOVI\u010cOV\u00c1<\/a>              \n                <\/td>\n            <\/tr>\n            <tr>\n                <td>FBI_Ing_D_sk<\/td>\n                <td>35000032<\/td>\n                <td><strong>Finan\u010dn\u00e9 in\u017einierstvo<\/strong><\/td>\n                <td><span class=\"typ-pv\">PV<\/span><\/td>\n                <td><a href=\"bobrikova_martina_sk\">Ing. Martina BOBR\u00cdKOV\u00c1, PhD.<\/a><\/td>\n            <\/tr>\n            <tr>\n                <td>EaMVS_Ing_D_sk<\/td>\n                <td>35000320<\/td>\n                <td><strong>Kontrola a audit projektov fondov E\u00da<\/strong><\/td>\n                <td><span class=\"typ-pv\">PV<\/span><\/td>\n                <td><a href=\"hudakova_stasova_lenka\">Ing. Lenka HUD\u00c1KOV\u00c1 STA\u0160OV\u00c1, PhD.<\/a><\/td>\n            <\/tr>\n            <tr>\n                <td>FBI_Ing_D_sk<\/td>\n                <td>35000204<\/td>\n                <td><strong>Medzin\u00e1rodn\u00e9 \u00fa\u010dtovn\u00e9 \u0161tandardy<\/strong><\/td>\n                <td><span class=\"typ-pv\">PV<\/span><\/td>\n                <td><a href=\"tusan_radoslav_sk\">Ing. Radoslav TU\u0160AN, PhD.<\/a><\/td>\n            <\/tr>\n            <tr>\n                <td>FBI_Ing_D_sk<\/td>\n                <td>35000292<\/td>\n                <td><strong>N\u00e1kladov\u00fd controlling<\/strong><\/td>\n                <td><span class=\"typ-pv\">PV<\/span><\/td>\n                <td><a href=\"bajus_radoslav_sk\">Ing. Radoslav BAJUS, PhD.<\/a><\/td>\n            <\/tr>\n            <tr>\n                <td>FBI_Ing_D_sk<\/td>\n                <td>35000334<\/td>\n                <td><strong>Programov\u00e9 vybavenie \u00fa\u010dtovn\u00fdch oper\u00e1ci\u00ed<\/strong><\/td>\n                <td><span class=\"typ-pv\">PV<\/span><\/td>\n                <td><a href=\"oravsky_robert_sk\">Ing. R\u00f3bert ORAVSK\u00dd, PhD.<\/a><\/td>\n            <\/tr>\n            <tr>\n                <td>FBI_Ing_D_sk<br>\n                    EaMVS_Ing_D_sk<\/td>\n                <td>35000268<\/td>\n                <td><strong>Verejn\u00e1 vo\u013eba<\/strong><\/td>\n                <td><span class=\"typ-pv\">PV<\/span><\/td>\n                <td><a href=\"malicka_lenka_sk\">doc. Ing. Lenka MALI\u010cK\u00c1, PhD.<\/a><\/td>\n            <\/tr>\n            <\/tbody>\n    <\/table>\n\n    <div class=\"tabulka-legenda\">\n        <strong>Vysvetlivky:<\/strong> P \u2013 povinn\u00fd predmet, PV \u2013 povinne volite\u013en\u00fd predmet\n    <\/div>\n<\/div>\n\n\n\n<p><\/p>\n","protected":false},"excerpt":{"rendered":"<p>Predmety zabezpe\u010dovan\u00e9 katedrou \u0160tudijn\u00fd program K\u00f3d predmetu N\u00e1zov predmetu Typ Zabezpe\u010duje FBI_Bc_D_sk EaMVS_Bc_D_sk 2404771 Dane podnikate\u013esk\u00fdch subjektov P Ing. Martin ZORI\u010cAK, PhD. Ing. Radoslav BAJUS, PhD. Ing. R\u00f3bert ORAVSK\u00dd, PhD. Ing. Slavom\u00edra \u0164AHLOV\u00c1, PhD. FBI_Bc_D_sk EaMVS_Bc_D_sk 2400361 Financie a mena P doc. Ing. MVDr. J\u00e1n BULECA, PhD. doc. Ing. Em\u00edlia Du\u013eov\u00e1 SPI\u0160\u00c1KOV\u00c1, PhD. Ing. Tatiana&hellip;&nbsp;<a href=\"https:\/\/kf.ekf.tuke.sk\/index.php\/predmety\/\" class=\"\" rel=\"bookmark\">\u010c\u00edta\u0165 viac &raquo;<span class=\"screen-reader-text\">Predmety<\/span><\/a><\/p>\n","protected":false},"author":1,"featured_media":0,"parent":0,"menu_order":0,"comment_status":"closed","ping_status":"closed","template":"","meta":{"neve_meta_sidebar":"","neve_meta_container":"","neve_meta_enable_content_width":"","neve_meta_content_width":0,"neve_meta_title_alignment":"","neve_meta_author_avatar":"","neve_post_elements_order":"","neve_meta_disable_header":"","neve_meta_disable_footer":"","neve_meta_disable_title":"on","_themeisle_gutenberg_block_has_review":false,"footnotes":""},"class_list":["post-1434","page","type-page","status-publish","hentry"],"_links":{"self":[{"href":"https:\/\/kf.ekf.tuke.sk\/index.php\/wp-json\/wp\/v2\/pages\/1434","targetHints":{"allow":["GET"]}}],"collection":[{"href":"https:\/\/kf.ekf.tuke.sk\/index.php\/wp-json\/wp\/v2\/pages"}],"about":[{"href":"https:\/\/kf.ekf.tuke.sk\/index.php\/wp-json\/wp\/v2\/types\/page"}],"author":[{"embeddable":true,"href":"https:\/\/kf.ekf.tuke.sk\/index.php\/wp-json\/wp\/v2\/users\/1"}],"replies":[{"embeddable":true,"href":"https:\/\/kf.ekf.tuke.sk\/index.php\/wp-json\/wp\/v2\/comments?post=1434"}],"version-history":[{"count":26,"href":"https:\/\/kf.ekf.tuke.sk\/index.php\/wp-json\/wp\/v2\/pages\/1434\/revisions"}],"predecessor-version":[{"id":1674,"href":"https:\/\/kf.ekf.tuke.sk\/index.php\/wp-json\/wp\/v2\/pages\/1434\/revisions\/1674"}],"wp:attachment":[{"href":"https:\/\/kf.ekf.tuke.sk\/index.php\/wp-json\/wp\/v2\/media?parent=1434"}],"curies":[{"name":"wp","href":"https:\/\/api.w.org\/{rel}","templated":true}]}}