{"id":1507,"date":"2026-02-27T15:04:12","date_gmt":"2026-02-27T14:04:12","guid":{"rendered":"https:\/\/kf.ekf.tuke.sk\/?page_id=1507"},"modified":"2026-03-02T16:35:48","modified_gmt":"2026-03-02T15:35:48","slug":"dulova_spisakova_emilia_sk","status":"publish","type":"page","link":"https:\/\/kf.ekf.tuke.sk\/index.php\/dulova_spisakova_emilia_sk\/","title":{"rendered":"dulova_spisakova_emilia_sk"},"content":{"rendered":"\n<div style=\"display: flex; flex-wrap: wrap; gap: 30px; background: #ffffff; padding: 30px; border-radius: 15px; border-top: 6px solid #A51890; box-shadow: 0 10px 30px rgba(0,0,0,0.08); margin-bottom: 40px; font-family: Arial, sans-serif;\">\n    \n    <div style=\"flex: 1; min-width: 200px; max-width: 250px;\">\n        <div style=\"width: 100%; aspect-ratio: 3\/4; background: #f0f0f0; border-radius: 10px; overflow: hidden; border: 1px solid #eee;\">\n            <img decoding=\"async\" src=\"\/wp-content\/uploads\/2026\/02\/avatar_woman.png\" alt=\"Fotka \u010dlena\" style=\"width: 100%; height: 100%; object-fit: cover;\">\n        <\/div>\n    <\/div>\n\n    <div style=\"flex: 2; min-width: 300px;\">\n        <h1 style=\"color: #A51890; margin: 0 0 5px 0; font-size: 2rem;\">doc. Ing. Em\u00edlia Du\u013eov\u00e1 SPI\u0160\u00c1KOV\u00c1, PhD.<\/h1>\n        <p style=\"color: #555; font-size: 1.2rem; font-weight: bold; margin: 0 0 -10px 0; border-bottom: 0px solid #eee; padding-bottom: 10px;\">docentka<\/p>\n        \n        \n        <table border=\"0\" style=\"width: 100%; border-collapse: collapse; margin-bottom: 20px; border: none !important;\">\n            <tr style=\"border: none !important;\">\n                <td style=\"padding: 8px 0; color: #888; width: 120px; border: none !important;\">\ud83d\udce7 E-mail:<\/td>\n                <td style=\"padding: 8px 0; border: none !important;\"><strong>emilia.dulova.spisakova@tuke.sk<\/strong><\/td>\n            <\/tr>\n            <tr style=\"border: none !important;\">\n                <td style=\"padding: 8px 0; color: #888; border: none !important;\">\ud83d\udcde Telef\u00f3n:<\/td>\n                <td style=\"padding: 8px 0; border: none !important;\">+421 55 602 2145<\/td>\n            <\/tr>\n            <tr style=\"border: none !important;\">\n                <td style=\"padding: 8px 0; color: #888; border: none !important;\">\ud83d\udccd Kancel\u00e1ria:<\/td>\n                <td style=\"padding: 8px 0; border: none !important;\">BN32_325<\/td>\n            <\/tr>\n        <\/table>\n\n        <div style=\"display: flex; gap: 10px; flex-wrap: wrap;\">\n            <a href=\"\" \n                target=\"_blank\" \n                rel=\"noopener noreferrer\" \n                style=\"display: inline-flex; align-items: center; justify-content: center; background: #ffffff; padding: 8px; border-radius: 10px; text-decoration: none; border: 1px solid #ddd; transition: 0.3s; width: 50px; height: 40px;\"\n                title=\"LinkedIn Profile\">\n                    <img decoding=\"async\" src=\"\/wp-content\/uploads\/2021\/11\/linkedin_logo.png\" \n                    alt=\"LinkedIn\" \n                    style=\"width: 24px; height: 24px; display: block;\">\n            <\/a>\n            <a href=\"https:\/\/orcid.org\/0000-0003-3609-4275\" \n                target=\"_blank\" \n                rel=\"noopener noreferrer\" \n                style=\"display: inline-flex; align-items: center; justify-content: center; background: #ffffff; padding: 8px; border-radius: 10px; text-decoration: none; border: 1px solid #ddd; transition: 0.3s; width: 50px; height: 40px;\"\n                title=\"ORCID Profile\">\n                    <img decoding=\"async\" src=\"\/wp-content\/uploads\/2021\/11\/768px-ORCID_iD.svg_.png\" \n                    alt=\"ORCID\" \n                    style=\"width: 24px; height: 24px; display: block;\">\n            <\/a>\n            <a href=\"https:\/\/www.researchgate.net\/profile\/Emilia-Dulova-Spisakova\" \n                target=\"_blank\" \n                rel=\"noopener noreferrer\" \n                style=\"display: inline-flex; align-items: center; justify-content: center; background: #ffffff; padding: 8px; border-radius: 10px; text-decoration: none; border: 1px solid #ddd; transition: 0.3s; width: 50px; height: 40px;\"\n                title=\"ResearchGate Profile\">\n                    <img decoding=\"async\" src=\"\/wp-content\/uploads\/2021\/11\/researchgate_logo.png\" \n                    alt=\"ResearchGate\" \n                    style=\"width: 24px; height: 24px; display: block;\">\n            <\/a>\n        <\/div>\n    <\/div>\n<\/div>\n\n\n\n<div class=\"wp-block-group profil-sekcia\" style=\"padding-top:0;padding-right:0;padding-bottom:0;padding-left:0\"><div class=\"wp-block-group__inner-container is-layout-constrained wp-container-core-group-is-layout-c6b4b7cd wp-block-group-is-layout-constrained\">\n<p class=\"has-text-align-center\"><strong>Pedagogick\u00e1 \u010dinnos\u0165<\/strong><\/p>\n\n\n\n<div class=\"wp-block-group konzultacie-box\"><div class=\"wp-block-group__inner-container is-layout-constrained wp-block-group-is-layout-constrained\">\n<p class=\"has-text-align-center\"><strong>Predmety<\/strong><\/p>\n\n\n\n<ul class=\"wp-block-list zoznam-2-stlpce\">\n<li>Financie a mena<\/li>\n\n\n\n<li>Podnikov\u00e9 financie<\/li>\n<\/ul>\n<\/div><\/div>\n\n\n\n<div class=\"wp-block-columns rovnake-boxy is-layout-flex wp-container-core-columns-is-layout-9d6595d7 wp-block-columns-is-layout-flex\">\n<div class=\"wp-block-column konzultacie-box is-layout-flow wp-block-column-is-layout-flow\">\n<p class=\"has-text-align-center\"><strong>Konzulta\u010dn\u00e9 hodiny<\/strong><\/p>\n\n\n\n<p class=\"has-text-align-center\">Utorok 08:00 &#8211; 09:00<\/p>\n<\/div>\n\n\n\n<div class=\"wp-block-column is-vertically-aligned-top konzultacie-box is-layout-flow wp-block-column-is-layout-flow\">\n<p class=\"has-text-align-center\"><strong>Bakal\u00e1rsky a diplomov\u00fd semin\u00e1r<\/strong><\/p>\n\n\n\n<p class=\"has-text-align-center\">po dohode<\/p>\n<\/div>\n<\/div>\n<\/div><\/div>\n\n\n\n<div class=\"wp-block-group profil-sekcia\"><div class=\"wp-block-group__inner-container is-layout-constrained wp-block-group-is-layout-constrained\">\n<p class=\"has-text-align-center\"><strong>V\u00fdskumn\u00e9 projekty<\/strong><\/p>\n\n\n\n<ul class=\"wp-block-list\">\n<li><\/li>\n<\/ul>\n<\/div><\/div>\n\n\n\n<div class=\"wp-block-group profil-sekcia\"><div class=\"wp-block-group__inner-container is-layout-constrained wp-block-group-is-layout-constrained\">\n<p class=\"has-text-align-center\"><strong>Vybran\u00e9 publik\u00e1cie<\/strong><\/p>\n\n\n\n<ul class=\"wp-block-list\">\n<li><\/li>\n<\/ul>\n<\/div><\/div>\n","protected":false},"excerpt":{"rendered":"<p>doc. Ing. Em\u00edlia Du\u013eov\u00e1 SPI\u0160\u00c1KOV\u00c1, PhD. docentka \ud83d\udce7 E-mail: emilia.dulova.spisakova@tuke.sk \ud83d\udcde Telef\u00f3n: +421 55 602 2145 \ud83d\udccd Kancel\u00e1ria: BN32_325 Pedagogick\u00e1 \u010dinnos\u0165 Predmety Konzulta\u010dn\u00e9 hodiny Utorok 08:00 &#8211; 09:00 Bakal\u00e1rsky a diplomov\u00fd semin\u00e1r po dohode V\u00fdskumn\u00e9 projekty Vybran\u00e9 publik\u00e1cie<\/p>\n","protected":false},"author":23,"featured_media":0,"parent":0,"menu_order":0,"comment_status":"closed","ping_status":"closed","template":"","meta":{"neve_meta_sidebar":"","neve_meta_container":"","neve_meta_enable_content_width":"","neve_meta_content_width":0,"neve_meta_title_alignment":"","neve_meta_author_avatar":"","neve_post_elements_order":"","neve_meta_disable_header":"","neve_meta_disable_footer":"","neve_meta_disable_title":"on","_themeisle_gutenberg_block_has_review":false,"footnotes":""},"class_list":["post-1507","page","type-page","status-publish","hentry"],"_links":{"self":[{"href":"https:\/\/kf.ekf.tuke.sk\/index.php\/wp-json\/wp\/v2\/pages\/1507","targetHints":{"allow":["GET"]}}],"collection":[{"href":"https:\/\/kf.ekf.tuke.sk\/index.php\/wp-json\/wp\/v2\/pages"}],"about":[{"href":"https:\/\/kf.ekf.tuke.sk\/index.php\/wp-json\/wp\/v2\/types\/page"}],"author":[{"embeddable":true,"href":"https:\/\/kf.ekf.tuke.sk\/index.php\/wp-json\/wp\/v2\/users\/23"}],"replies":[{"embeddable":true,"href":"https:\/\/kf.ekf.tuke.sk\/index.php\/wp-json\/wp\/v2\/comments?post=1507"}],"version-history":[{"count":3,"href":"https:\/\/kf.ekf.tuke.sk\/index.php\/wp-json\/wp\/v2\/pages\/1507\/revisions"}],"predecessor-version":[{"id":1518,"href":"https:\/\/kf.ekf.tuke.sk\/index.php\/wp-json\/wp\/v2\/pages\/1507\/revisions\/1518"}],"wp:attachment":[{"href":"https:\/\/kf.ekf.tuke.sk\/index.php\/wp-json\/wp\/v2\/media?parent=1507"}],"curies":[{"name":"wp","href":"https:\/\/api.w.org\/{rel}","templated":true}]}}