{"id":1538,"date":"2026-03-10T10:22:27","date_gmt":"2026-03-10T09:22:27","guid":{"rendered":"https:\/\/kf.ekf.tuke.sk\/?page_id=1538"},"modified":"2026-04-16T10:11:26","modified_gmt":"2026-04-16T09:11:26","slug":"projekty-2","status":"publish","type":"page","link":"https:\/\/kf.ekf.tuke.sk\/index.php\/projekty-2\/","title":{"rendered":"Projekty"},"content":{"rendered":"\n<div style=\"background-color: #A51890; width: 100vw; margin-left: calc(-50vw + 50%); padding: 100px 0; margin-top: 20px; margin-bottom: 20px;\">\n    <h1 class=\"wp-block-heading has-text-align-center\" style=\"color: #ffffff; margin: 0; font-family: Arial, sans-serif; text-align: center;\">\n        <strong>Projekty rie\u0161en\u00e9 \u010dlenmi katedry<\/strong>\n    <\/h1>\n<\/div>\n\n\n\n<style>\n    .katedra-tabulka-container {\n        font-family: Arial, sans-serif;\n        margin: 40px 0;\n        overflow-x: auto; \/* Zabezpe\u010d\u00ed skrolovanie na mobiloch *\/\n    }\n\n    \/* NADPISY SEKCI\u00cd *\/\n    .sekcia-nadpis {\n        color: #A51890;\n        border-bottom: 2px solid #f0f0f0;\n        padding-bottom: 10px;\n        margin: 40px 0 25px 0;\n        font-size: 1.6rem;\n        font-weight: bold;\n        text-transform: uppercase;\n    }\n\n    .predmety-tabulka {\n        width: 100%;\n        border-collapse: collapse;\n        background-color: #fff;\n        box-shadow: 0 4px 15px rgba(0,0,0,0.05);\n        border-radius: 10px;\n        overflow: hidden;\n    }\n\n    .predmety-tabulka thead {\n        background-color: #A51890;\n        color: #ffffff;\n        text-align: left;\n    }\n\n    .predmety-tabulka th, \n    .predmety-tabulka td {\n        padding: 12px 15px;\n        border-bottom: 1px solid #eee;\n        font-size: 0.9rem;\n    }\n\n    .predmety-tabulka tbody tr:hover {\n        background-color: #f9f2f8;\n    }\n\n    \/* \u0160t\u00fdlovanie typov predmetov *\/\n    .typ-p { color: #d9534f; font-weight: bold; } \/* Povinn\u00fd - jemn\u00e1 \u010derven\u00e1 *\/\n    .typ-pv { color: #5bc0de; font-weight: bold; } \/* Povinne volite\u013en\u00fd - modr\u00e1 *\/\n\n    .tabulka-legenda {\n        margin-top: 15px;\n        font-size: 0.85rem;\n        color: #666;\n        font-style: italic;\n    }\n    \/* Opraven\u00fd class pre zodpovedn\u00e9ho rie\u0161ite\u013ea *\/\n.zodpovedny_riesitel {\n    color: #A51890 !important; \n    font-weight: bold !important; \/* Opraven\u00e9 z font-style na font-weight *\/\n}\n\n\/* Toto zabezpe\u010d\u00ed, \u017ee aj odkaz (link) vn\u00fatri bude fialov\u00fd a hrub\u00fd *\/\n.zodpovedny_riesitel a {\n    color: #A51890 !important;\n    font-weight: bold !important;\n    text-decoration: underline; \/* Volite\u013en\u00e9: aby bolo jasn\u00e9, \u017ee je to klikate\u013en\u00e9 *\/\n}\n\n\/* Nastavenie fixn\u00fdch pomerov pre v\u0161etky tabu\u013eky *\/\n.predmety-tabulka {\n    table-layout: fixed; \/* K\u013e\u00fa\u010dov\u00e9: prehliada\u010d bude re\u0161pektova\u0165 va\u0161e % \u0161\u00edrky *\/\n    width: 100%;\n}\n\n\/* 1. st\u013apec: \u010c\u00edslo projektu *\/\n.predmety-tabulka th:nth-child(1), \n.predmety-tabulka td:nth-child(1) {\n    width: 15%;\n    min-width: 120px;\n}\n\n\/* 2. st\u013apec: N\u00e1zov projektu (naj\u0161ir\u0161\u00ed) *\/\n.predmety-tabulka th:nth-child(2), \n.predmety-tabulka td:nth-child(2) {\n    width: 30%;\n    min-width: 220px;\n    word-wrap: break-word;\n}\n\n\/* 3. st\u013apec: Rie\u0161itelia *\/\n.predmety-tabulka th:nth-child(3), \n.predmety-tabulka td:nth-child(3) {\n    width: 29%;\n    min-width: 200px;\n}\n\n\/* 4. a 5. st\u013apec: Od \/ Do (\u00fazke) *\/\n.predmety-tabulka th:nth-child(4), \n.predmety-tabulka td:nth-child(4),\n.predmety-tabulka th:nth-child(5), \n.predmety-tabulka td:nth-child(5) {\n    width: 6%;\n    min-width: 60px;\n    text-align: center;\n}\n\n\/* 6. st\u013apec: Rozpo\u010det *\/\n.predmety-tabulka th:nth-child(6), \n.predmety-tabulka td:nth-child(6) {\n    width: 17%;\n    min-width: 130px;\n    text-align: right;\n}\n\/* Nastavenie pre tabu\u013eku projektov *\/\n.projekty-tabulka {\n    width: 100%;\n    border-collapse: collapse;\n    table-layout: auto; \/* D\u00f4le\u017eit\u00e9 pre flexibilitu na mobile *\/\n}\n\n\/* Nastavenie minim\u00e1lnych \u0161\u00edrok pre \u010ditate\u013enos\u0165 na mobile *\/\n.projekty-tabulka th:nth-child(1), .projekty-tabulka td:nth-child(1) { min-width: 130px; } \/* \u010c\u00edslo projektu *\/\n.projekty-tabulka th:nth-child(2), .projekty-tabulka td:nth-child(2) { min-width: 220px; } \/* N\u00e1zov projektu *\/\n.projekty-tabulka th:nth-child(3), .projekty-tabulka td:nth-child(3) { min-width: 200px; } \/* Rie\u0161itelia *\/\n.projekty-tabulka th:nth-child(4), .projekty-tabulka td:nth-child(4) { min-width: 60px; }  \/* Od *\/\n.projekty-tabulka th:nth-child(5), .projekty-tabulka td:nth-child(5) { min-width: 60px; }  \/* Do *\/\n.projekty-tabulka th:nth-child(6), .projekty-tabulka td:nth-child(6) { min-width: 130px; } \/* Rozpo\u010det *\/\n\n\/* Zabezpe\u010d\u00ed, \u017ee ak je text pr\u00edli\u0161 dlh\u00fd, zalom\u00ed ho a nerozbije tabu\u013eku *\/\n.projekty-tabulka td {\n    word-wrap: break-word;\n    white-space: normal;\n    vertical-align: top;\n}\n<\/style>\n\n<h2 class=\"sekcia-nadpis\">APVV<\/h2>\n\n<div class=\"katedra-tabulka-container\">\n    <table class=\"predmety-tabulka projekty-tabulka\">\n        <thead>\n            <tr>\n                <th>\u010c\u00edslo projektu<\/th>\n                <th>N\u00e1zov projektu<\/th>\n                <th>Rie\u0161itelia z Katedry financi\u00ed<\/th>\n                <th>Od<\/th>\n                <th>Do<\/th>\n                <th>Rozpo\u010det<\/th>\n            <\/tr>\n        <\/thead>\n        <tbody>\n            <tr>\n                <td>FVV-MVP-24-0240<\/td>\n                <td>Inova\u010dn\u00e1 priepas\u0165: Multidimenzion\u00e1lny pr\u00edstup k&nbsp;eur\u00f3pskej koh\u00e9zii<\/td>\n                <td><span class=\"zodpovedny_riesitel\"><a href=\"stiblarova_lubica\">Ing. \u013dubica \u0160TIBL\u00c1ROV\u00c1, PhD.<\/a><\/span>*<\/td>\n                <td>2025<\/td>\n                <td><\/td>\n                <td>103 409,00 \u20ac<\/td>\n            <\/tr>\n            <tr>\n                <td>APVV-22-0126<\/td>\n                <td>Detekcia da\u0148ov\u00fdch manipul\u00e1ci\u00ed s vyu\u017eit\u00edm met\u00f3d strojov\u00e9ho u\u010denia a umelej inteligencie<\/td>\n                <td><a href=\"zoricak_martin_sk\">Ing. Martin ZORI\u010cAK, PhD.<\/a><\/td>\n                <td>2023<\/td>\n                <td>2026<\/td>\n                <td>239 989,00 \u20ac<\/td>\n            <\/tr>\n            <tr>\n                <td>APVV-21-0138<\/td>\n                <td>Agentov\u00fd model socio-ekonomick\u00fdch dopadov Industry 4.0 na ekonomiku pr\u00edstup ekon\u00f3mie zlo\u017eitosti<\/td>\n                <td><a href=\"zoricak_martin_sk\">Ing. Martin ZORI\u010cAK, PhD.<\/a><\/td>\n                <td>2022<\/td>\n                <td>2025<\/td>\n                <td>194 610,00 \u20ac<\/td>\n            <\/tr>\n            <tr>\n                <td>APVV-18-0368<\/td>\n                <td>Ekonomick\u00fd model telekomunika\u010dnej siete ako s\u00fa\u010das\u0165 Internetu vec\u00ed<\/td>\n                <td><a href=\"zoricak_martin_sk\">Ing. Martin ZORI\u010cAK, PhD.<\/a><\/td>\n                <td>2019<\/td>\n                <td>2022<\/td>\n                <td>146 488,00 \u20ac<\/td>\n            <\/tr>\n            <tr>\n                <td>APVV 17-0360<\/td>\n                <td>Multidimenzion\u00e1lna anal\u00fdza signifikantn\u00fdch determinantov efekt\u00edvnosti verejn\u00e9ho obstar\u00e1vania s&nbsp;d\u00f4razom na&nbsp;aplik\u00e1ciu Health Technology Assessment v&nbsp;procese pr\u00edpravy obstar\u00e1vania<\/td>\n                <td><a href=\"toth_peter_sk\">Ing. Peter T\u00d3TH, PhD.<\/a><\/td>\n                <td>2018<\/td>\n                <td>2021<\/td>\n                <td>186 370,00 \u20ac<\/td>\n            <\/tr>\n            <tr>\n                <td>APVV-15-0358<\/td>\n                <td>Ekonomick\u00fd model elektronick\u00fdch trhov s&nbsp;frekven\u010dn\u00fdm spektrom<\/td>\n                <td><a href=\"toth_peter_sk\">Ing. Peter T\u00d3TH, PhD.<\/a><br>\n                    <a href=\"zoricak_martin_sk\">Ing. Martin ZORI\u010cAK, PhD.<\/a><\/td>\n                <td>2016<\/td>\n                <td>2019<\/td>\n                <td>154 186,00 \u20ac<\/td>\n            <\/tr>\n            <\/tbody>\n    <\/table>\n\n    <div class=\"tabulka-legenda\">\n        <strong>Vysvetlivky:<\/strong> * \u2013 zodpovedn\u00fd rie\u0161ite\u013e\n    <\/div>\n<\/div>\n\n<h2 class=\"sekcia-nadpis\">VEGA<\/h2>\n\n<div class=\"katedra-tabulka-container\">\n    <table class=\"predmety-tabulka projekty-tabulka\">\n        <thead>\n            <tr>\n                <th>\u010c\u00edslo projektu<\/th>\n                <th>N\u00e1zov projektu<\/th>\n                <th>Rie\u0161itelia z Katedry financi\u00ed<\/th>\n                <th>Od<\/th>\n                <th>Do<\/th>\n                <th>Rozpo\u010det<\/th>\n            <\/tr>\n        <\/thead>\n        <tbody>\n            <tr>\n                <td>1\/0329\/26<\/td>\n                <td>Efekt\u00edvnos\u0165 a udr\u017eate\u013enos\u0165 welfare re\u017eimov v&nbsp;kontexte starnutia popul\u00e1cie v&nbsp;krajin\u00e1ch Eur\u00f3pskej \u00fanie pri&nbsp;zachovan\u00ed intergenera\u010dnej rovnov\u00e1hy<\/td>\n                <td><span class=\"zodpovedny_riesitel\"><a href=\"tkacova_andrea_sk\">Ing. Andrea TK\u00c1\u010cOV\u00c1, PhD.<\/a><\/span>*<br>\n                    <a href=\"dulova_spisakova_emilia\">doc. Ing. Em\u00edlia Du\u013eov\u00e1 SPI\u0160\u00c1KOV\u00c1, PhD.<\/a><br>\n                    <a href=\"toth_peter_sk\">Ing. Peter T\u00d3TH, PhD.<\/a><\/td>\n                <td>2026<\/td>\n                <td>2028<\/td>\n                <td>14 000,00 \u20ac<\/td>\n            <\/tr>\n            <tr>\n                <td>1\/0800\/25<\/td>\n                <td>Behavior\u00e1lne intervencie ako n\u00e1stroj zv\u00fd\u0161enia adopcie mikromobility v&nbsp;mest\u00e1ch<\/td>\n                <td><a href=\"toth_peter_sk\">Ing. Peter T\u00d3TH, PhD.<\/a><\/td>\n                <td>2025<\/td>\n                <td>2027<\/td>\n                <td>27 000,00 \u20ac<\/td>\n            <\/tr>\n            <tr>\n                <td>1\/0042\/25<\/td>\n                <td>Anal\u00fdza vplyvu ekonomick\u00fdch determinantov v&nbsp;kontexte efekt\u00edvne korpor\u00e1tne zdanenie <\/td>\n                <td><span class=\"zodpovedny_riesitel\"><a href=\"andrejovska_alena_sk\">doc. Ing. Alena ANDREJOVSK\u00c1, PhD.<\/a><\/span>*<br>\n                <a href=\"andrejkovicova_ivana_sk\">Ing. Ivana ANDREJKOVI\u010cOV\u00c1<\/a><br>\n                <a href=\"bobcek_zuzana_sk\">Ing. Zuzana BOB\u010cEK<\/a><br>\n                <a href=\"oravsky_robert_sk\">Ing. R\u00f3bert ORAVSK\u00dd, PhD.<\/a><\/td>\n                <td>2025<\/td>\n                <td><\/td>\n                <td>27 000,00 \u20ac<\/td>\n            <\/tr>\n            <tr>\n                <td>1\/0154\/24<\/td>\n                <td>Politika s\u00fadr\u017enosti a nov\u00e9 pasce rozvoja v&nbsp;E\u00da<\/td>\n                <td><span class=\"zodpovedny_riesitel\"><a href=\"stiblarova_lubica\">Ing. \u013dubica \u0160TIBL\u00c1ROV\u00c1, PhD.<\/a><\/span>*\n                <\/td>\n                <td>2024<\/td>\n                <td><\/td>\n                <td>44 683,00 \u20ac<\/td>\n            <\/tr>\n            <tr>\n                <td>1\/0366\/23<\/td>\n                <td>Hodnota za&nbsp;peniaze vo&nbsp;verejnom obstar\u00e1van\u00ed<\/td>\n                <td><a href=\"toth_peter_sk\">Ing. Peter T\u00d3TH, PhD.<\/a><\/td>\n                <td>2023<\/td>\n                <td>2026<\/td>\n                <td>14 740,00 \u20ac<\/td>\n            <\/tr>\n            <tr>\n                <td>1\/0444\/23<\/td>\n                <td>Anal\u00fdza siet\u00ed a modelovanie vz\u0165ahov na&nbsp;medzin\u00e1rodn\u00fdch finan\u010dn\u00fdch trhoch<\/td>\n                <td><a href=\"bajus_radoslav_sk\">Ing. Radoslav BAJUS, PhD.<\/a><br>\n                    <a href=\"bobrikova_martina_sk\">Ing. Martina BOBR\u00cdKOV\u00c1, PhD.<\/a><br>\n                    <a href=\"subova_nikola\">Ing. Nikola \u0160UBOV\u00c1, PhD.<\/a><br>\n                    <a href=\"toth_peter_sk\">Ing. Peter T\u00d3TH, PhD.<\/a><br>\n                    <a href=\"tusan_radoslav_sk\">Ing. Radoslav TU\u0160AN, PhD.<\/a><\/td>\n                <td>2023<\/td>\n                <td>2025<\/td>\n                <td>42 089,00 \u20ac<\/td>\n            <\/tr>\n            <tr>\n                <td>1\/0430\/19<\/td>\n                <td>Investi\u010dn\u00e9 rozhodovanie investorov v&nbsp;kontexte efekt\u00edvneho korpor\u00e1tneho zdanenia<\/td>\n                <td><span class=\"zodpovedny_riesitel\"><a href=\"andrejovska_alena_sk\">doc. Ing. Alena ANDREJOVSK\u00c1, PhD.<\/a>*<\/td>\n                <td>2019<\/td>\n                <td>2021<\/td>\n                <td>17 241,00 \u20ac<\/td>\n            <\/tr>\n            <tr>\n                <td>1\/0846\/18<\/td>\n                <td>Hodnotenie efekt\u00edvnosti verejn\u00e9ho obstar\u00e1vania vybran\u00fdch komod\u00edt v&nbsp;zdravotn\u00edckych zariadeniach v&nbsp;SR<\/td>\n                <td><a href=\"toth_peter_sk\">Ing. Peter T\u00d3TH, PhD.<\/a><\/td>\n                <td>2018<\/td>\n                <td>2020<\/td>\n                <td>17 520,00 \u20ac<\/td>\n            <\/tr>\n            <tr>\n                <td>1\/0945\/17<\/td>\n                <td>V\u00fdskum ekonomickej kvantifik\u00e1cie marketingov\u00fdch procesov zameran\u00fdch na&nbsp;zvy\u0161ovanie hodnoty pre&nbsp;pacienta, viacdimenzion\u00e1lne anal\u00fdzy marketingov\u00e9ho mixu zdravotn\u00edckych zariaden\u00ed a kvantifik\u00e1cia ich v\u00fdznamu v&nbsp;procese tvorby syst\u00e9mu na&nbsp;meranie kvality a efektivity v&nbsp;zdravotn\u00edctve SR<\/td>\n                <td><a href=\"toth_peter_sk\">Ing. Peter T\u00d3TH, PhD.<\/a><\/td>\n                <td>2017<\/td>\n                <td>2019<\/td>\n                <td>34 674,00 \u20ac<\/td>\n            <\/tr>\n            <tr>\n                <td>1\/0559\/16<\/td>\n                <td>Zadl\u017eenos\u0165 \u00fazemn\u00fdch samospr\u00e1v miest a obc\u00ed na Slovensku, v&nbsp;\u010ceskej republike a v&nbsp;Ma\u010farsku a jej vplyv na&nbsp;financovanie verejn\u00fdch slu\u017eieb<\/td>\n                <td><span class=\"zodpovedny_riesitel\"><a href=\"malicka_lenka_sk\">doc. Ing. Lenka MALI\u010cK\u00c1, PhD.<\/a><\/span>*<br>\n                    <a href=\"toth_peter_sk\">Ing. Peter T\u00d3TH, PhD.<\/a><\/td>\n                <td>2016<\/td>\n                <td>2018<\/td>\n                <td>8 252,00 \u20ac<\/td>\n            <\/tr>\n            <\/tbody>\n    <\/table>\n\n    <div class=\"tabulka-legenda\">\n        <strong>Vysvetlivky:<\/strong> * \u2013 zodpovedn\u00fd rie\u0161ite\u013e\n    <\/div>\n<\/div>\n\n<h2 class=\"sekcia-nadpis\">Grantov\u00fd program EkF<\/h2>\n\n<div class=\"katedra-tabulka-container\">\n    <table class=\"predmety-tabulka projekty-tabulka\">\n        <thead>\n            <tr>\n                <th>\u010c\u00edslo projektu<\/th>\n                <th>N\u00e1zov projektu<\/th>\n                <th>Rie\u0161itelia z Katedry financi\u00ed<\/th>\n                <th>Od<\/th>\n                <th>Do<\/th>\n                <th>Rozpo\u010det<\/th>\n            <\/tr>\n        <\/thead>\n        <tbody>\n            <tr>\n                <td>P14\/2025<\/td>\n                <td>Efekt\u00edvna sadzba dane v&nbsp;kotenxte hodnoty a ve\u013ekosti podniku<\/td>\n                <td><span class=\"zodpovedny_riesitel\"><a href=\"andrejovska_alena_sk\">doc. Ing. Alena ANDREJOVSK\u00c1, PhD.<\/a><\/span>*<br>\n                    <a href=\"bobcek_zuzana_sk\">Ing. Zuzana BOB\u010cEK<\/a>\n                <td>2025<\/td>\n                <td><\/td>\n                <td>1 000,00 \u20ac<\/td>\n            <\/tr>\n            <tr>\n                <td>P13\/2025<\/td>\n                <td>Eur\u00f3pske \u0161truktur\u00e1lne a investi\u010dn\u00e9 fondy ako n\u00e1stroj podpory inova\u010dnej v\u00fdkonnosti v&nbsp;krajin\u00e1ch E\u00da<\/td>\n                <td><span class=\"zodpovedny_riesitel\"><a href=\"buleca_jan_sk\">doc. Ing. MVDr. J\u00e1n BULECA, PhD.<\/a><\/span>*<br>\n                    <a href=\"tankosova_tatiana_sk\">Ing. Tatiana TA\u0147KO\u0160OV\u00c1<\/a>\n                <td>2025<\/td>\n                <td><\/td>\n                <td>1 000,00 \u20ac<\/td>\n            <\/tr>\n            <tr>\n                <td>P12\/2025<\/td>\n                <td>Fi\u0161k\u00e1lne implik\u00e1cie spolo\u010densko-politick\u00fdch detrminantov verejn\u00e9ho dlhu<\/td>\n                <td><span class=\"zodpovedny_riesitel\"><a href=\"malicka_lenka_sk\">doc. Ing. Lenka MALI\u010cK\u00c1, PhD.<\/a><\/span>*<br>\n                    <a href=\"juskova_dominika_sk\">Ing. Dominika JUSKOV\u00c1<\/a>\n                <td>2025<\/td>\n                <td><\/td>\n                <td>1 000,00 \u20ac<\/td>\n            <\/tr>\n            <tr>\n                <td>P2\/2024<\/td>\n                <td>Anal\u00fdza determinantov verejn\u00e9ho dlhu s&nbsp;d\u00f4razom na&nbsp;neekonomick\u00e9 faktory<\/td>\n                <td><span class=\"zodpovedny_riesitel\"><a href=\"malicka_lenka_sk\">doc. Ing. Lenka MALI\u010cK\u00c1, PhD.<\/a><\/span>*<br>\n                    <a href=\"juskova_dominika_sk\">Ing. Dominika JUSKOV\u00c1<\/a>\n                <td>2024<\/td>\n                <td><\/td>\n                <td>1 000,00 \u20ac<\/td>\n            <\/tr>\n            <\/tbody>\n    <\/table>\n\n    <div class=\"tabulka-legenda\">\n        <strong>Vysvetlivky:<\/strong> * \u2013 zodpovedn\u00fd rie\u0161ite\u013e\n    <\/div>\n<\/div>\n\n<h2 class=\"sekcia-nadpis\">In\u00e9 projekty<\/h2>\n\n<div class=\"katedra-tabulka-container\">\n    <table class=\"predmety-tabulka projekty-tabulka\">\n        <thead>\n            <tr>\n                <th>\u010c\u00edslo projektu<\/th>\n                <th>N\u00e1zov projektu<\/th>\n                <th>Rie\u0161itelia z Katedry financi\u00ed<\/th>\n                <th>Od<\/th>\n                <th>Do<\/th>\n                <th>Rozpo\u010det<\/th>\n            <\/tr>\n        <\/thead>\n        <tbody>\n            <tr>\n                <td>11740304<\/td>\n                <td>AI4UNI<\/td>\n                <td><span class=\"zodpovedny_riesitel\"><a href=\"tkacova_andrea_sk\">Ing. Andrea TK\u00c1\u010cOV\u00c1, PhD.<\/a><\/span>*<\/td>\n                <td>2026<\/td>\n                <td>2026<\/td>\n                <td>8 000,00 \u20ac<\/td>\n            <\/tr>\n            <tr>\n                <td>251022<\/td>\n                <td>Regional and urban economics: the role of innovation and mobility in local wellbeing<\/td>\n                <td><a href=\"toth_peter_sk\">Ing. Peter T\u00d3TH, PhD.<\/a><\/td>\n                <td>2025<\/td>\n                <td>2026<\/td>\n                <td>10 833,33 \u20ac<\/td>\n            <\/tr>\n            <tr>\n                <td>2024VZDinst016<\/td>\n                <td>O krok vpred s AI<\/td>\n                <td><span class=\"zodpovedny_riesitel\"><a href=\"tkacova_andrea_sk\">Ing. Andrea TK\u00c1\u010cOV\u00c1, PhD.<\/a><\/span>*<br>\n                    <a href=\"bajus_radoslav_sk\">Ing. Radoslav BAJUS, PhD.<\/a><br>\n                    <a href=\"toth_peter_sk\">Ing. Peter T\u00d3TH, PhD.<\/a><br>\n                    <a href=\"zoricak_martin_sk\">Ing. Martin ZORI\u010cAK, PhD.<\/a><\/td>\n                <td>2025<\/td>\n                <td>2025<\/td>\n                <td>4 300,00 \u20ac<\/td>\n            <\/tr>\n            <tr>\n                <td>Edu4lne4.0-2021-1-PL01-KA220-HED-000032229<\/td>\n                <td>Education towards green Industry 4.0 \u2013 strengthening the potential of human resources agreement<\/td>\n                <td><span class=\"zodpovedny_riesitel\"><a href=\"andrejovska_alena_sk\">doc. Ing. Alena ANDREJOVSK\u00c1, PhD.<\/a><\/span>*<\/td>\n                <td>2021<\/td>\n                <td>2024<\/td>\n                <td>66 062,00 \u20ac<\/td>\n            <\/tr>\n            <tr>\n                <td>Dante-2020-1-CZ01-KA226-HE-094368<\/td>\n                <td>Digital Area for Networking Teachers and Educators<\/td>\n                <td><a href=\"andrejovska_alena_sk\">doc. Ing. Alena ANDREJOVSK\u00c1, PhD.<\/a><\/td>\n                <td>2021<\/td>\n                <td>2023<\/td>\n                <td>29 928,00 \u20ac<\/td>\n            <\/tr>\n            <tr>\n                <td>Nice-2020-1-CZ01-KA201-078488<\/td>\n                <td>Networking for Inter-Institutional Cooperation in Entrepreneurial Education<\/td>\n                <td><a href=\"andrejovska_alena_sk\">doc. Ing. Alena ANDREJOVSK\u00c1, PhD.<\/a><\/td>\n                <td>2020<\/td>\n                <td>2023<\/td>\n                <td>42 715,00 \u20ac<\/td>\n            <\/tr>\n            <tr>\n                <td>GESITI\/HOSPITALS<\/td>\n                <td>EkF TUKE \u2013 GESITI\/HOSPITALS \u2013 MZ SR \u2013 NCZI<\/td>\n                <td><a href=\"toth_peter_sk\">Ing. Peter T\u00d3TH, PhD.<\/a><\/td>\n                <td>2013<\/td>\n                <td>2015<\/td>\n                <td><\/td>\n            <\/tr>\n            <\/tbody>\n    <\/table>\n\n    <div class=\"tabulka-legenda\">\n        <strong>Vysvetlivky:<\/strong> * \u2013 zodpovedn\u00fd rie\u0161ite\u013e\n    <\/div>\n<\/div>\n\n\n\n<p><\/p>\n","protected":false},"excerpt":{"rendered":"<p>Projekty rie\u0161en\u00e9 \u010dlenmi katedry APVV \u010c\u00edslo projektu N\u00e1zov projektu Rie\u0161itelia z Katedry financi\u00ed Od Do Rozpo\u010det FVV-MVP-24-0240 Inova\u010dn\u00e1 priepas\u0165: Multidimenzion\u00e1lny pr\u00edstup k&nbsp;eur\u00f3pskej koh\u00e9zii Ing. \u013dubica \u0160TIBL\u00c1ROV\u00c1, PhD.* 2025 103 409,00 \u20ac APVV-22-0126 Detekcia da\u0148ov\u00fdch manipul\u00e1ci\u00ed s vyu\u017eit\u00edm met\u00f3d strojov\u00e9ho u\u010denia a umelej inteligencie Ing. Martin ZORI\u010cAK, PhD. 2023 2026 239 989,00 \u20ac APVV-21-0138 Agentov\u00fd model&hellip;&nbsp;<a href=\"https:\/\/kf.ekf.tuke.sk\/index.php\/projekty-2\/\" class=\"\" rel=\"bookmark\">\u010c\u00edta\u0165 viac &raquo;<span class=\"screen-reader-text\">Projekty<\/span><\/a><\/p>\n","protected":false},"author":1,"featured_media":0,"parent":0,"menu_order":0,"comment_status":"closed","ping_status":"closed","template":"","meta":{"neve_meta_sidebar":"","neve_meta_container":"","neve_meta_enable_content_width":"","neve_meta_content_width":0,"neve_meta_title_alignment":"","neve_meta_author_avatar":"","neve_post_elements_order":"","neve_meta_disable_header":"","neve_meta_disable_footer":"","neve_meta_disable_title":"on","_themeisle_gutenberg_block_has_review":false,"footnotes":""},"class_list":["post-1538","page","type-page","status-publish","hentry"],"_links":{"self":[{"href":"https:\/\/kf.ekf.tuke.sk\/index.php\/wp-json\/wp\/v2\/pages\/1538","targetHints":{"allow":["GET"]}}],"collection":[{"href":"https:\/\/kf.ekf.tuke.sk\/index.php\/wp-json\/wp\/v2\/pages"}],"about":[{"href":"https:\/\/kf.ekf.tuke.sk\/index.php\/wp-json\/wp\/v2\/types\/page"}],"author":[{"embeddable":true,"href":"https:\/\/kf.ekf.tuke.sk\/index.php\/wp-json\/wp\/v2\/users\/1"}],"replies":[{"embeddable":true,"href":"https:\/\/kf.ekf.tuke.sk\/index.php\/wp-json\/wp\/v2\/comments?post=1538"}],"version-history":[{"count":42,"href":"https:\/\/kf.ekf.tuke.sk\/index.php\/wp-json\/wp\/v2\/pages\/1538\/revisions"}],"predecessor-version":[{"id":2019,"href":"https:\/\/kf.ekf.tuke.sk\/index.php\/wp-json\/wp\/v2\/pages\/1538\/revisions\/2019"}],"wp:attachment":[{"href":"https:\/\/kf.ekf.tuke.sk\/index.php\/wp-json\/wp\/v2\/media?parent=1538"}],"curies":[{"name":"wp","href":"https:\/\/api.w.org\/{rel}","templated":true}]}}