{"id":1710,"date":"2026-03-18T15:16:00","date_gmt":"2026-03-18T14:16:00","guid":{"rendered":"https:\/\/kf.ekf.tuke.sk\/?page_id=1710"},"modified":"2026-03-18T15:16:33","modified_gmt":"2026-03-18T14:16:33","slug":"about-us","status":"publish","type":"page","link":"https:\/\/kf.ekf.tuke.sk\/index.php\/en\/about-us\/","title":{"rendered":"About us"},"content":{"rendered":"\n<div style=\"background-color: #A51890; width: 100vw; margin-left: calc(-50vw + 50%); padding: 100px 0; margin-top: 20px; margin-bottom: 20px;\">\n    <h1 class=\"wp-block-heading has-text-align-center\" style=\"color: #ffffff; margin: 0; font-family: Arial, sans-serif; text-align: center;\">\n        <strong>About the Department of Finance<\/strong>\n    <\/h1>\n<\/div>\n\n\n\n<div class=\"wp-block-group profil-sekcia\"><div class=\"wp-block-group__inner-container is-layout-constrained wp-block-group-is-layout-constrained\">\n<p><strong>Department of Finance TUKE: Shaping Experts for the World of Finance and Public Administration<\/strong><\/p>\n\n\n\n<p>The Department of Finance provides expert training for students of the Faculty of Economics (TUKE) in key study programs:<\/p>\n\n\n\n<ul class=\"wp-block-list\">\n<li><strong>Finance, Banking, and Investment (FBI)<\/strong><\/li>\n\n\n\n<li><strong>Economics and Management of Public Administration (EaMVS)<\/strong><\/li>\n<\/ul>\n\n\n\n<p>Our mission is to educate financial managers and economists with specialized knowledge in financial markets, derivatives, banking, and accounting. We shape our Bachelor&#8217;s and Master&#8217;s students to understand complex economic relationships and apply them in practice.<\/p>\n\n\n\n<p>The goal of our entire team is to provide high-level expertise and prepare graduates who are highly sought after in the labor market \u2013 whether in banking, taxation, stock markets, or their own business ventures.<\/p>\n\n\n<div class=\"wp-block-image upraveny-obrazok\">\n<figure data-wp-context=\"{&quot;imageId&quot;:&quot;69d39258ce137&quot;}\" data-wp-interactive=\"core\/image\" data-wp-key=\"69d39258ce137\" class=\"aligncenter size-large wp-lightbox-container\"><img loading=\"lazy\" decoding=\"async\" width=\"1024\" height=\"577\" data-wp-class--hide=\"state.isContentHidden\" data-wp-class--show=\"state.isContentVisible\" data-wp-init=\"callbacks.setButtonStyles\" data-wp-on--click=\"actions.showLightbox\" data-wp-on--load=\"callbacks.setButtonStyles\" data-wp-on-window--resize=\"callbacks.setButtonStyles\" src=\"https:\/\/kf.ekf.tuke.sk\/wp-content\/uploads\/2026\/03\/IMG-20260311-WA0013-1024x577.jpg\" alt=\"\" class=\"wp-image-1589\" srcset=\"https:\/\/kf.ekf.tuke.sk\/wp-content\/uploads\/2026\/03\/IMG-20260311-WA0013-1024x577.jpg 1024w, https:\/\/kf.ekf.tuke.sk\/wp-content\/uploads\/2026\/03\/IMG-20260311-WA0013-300x169.jpg 300w, https:\/\/kf.ekf.tuke.sk\/wp-content\/uploads\/2026\/03\/IMG-20260311-WA0013-768x432.jpg 768w, https:\/\/kf.ekf.tuke.sk\/wp-content\/uploads\/2026\/03\/IMG-20260311-WA0013-1536x865.jpg 1536w, https:\/\/kf.ekf.tuke.sk\/wp-content\/uploads\/2026\/03\/IMG-20260311-WA0013-2048x1153.jpg 2048w\" sizes=\"auto, (max-width: 1024px) 100vw, 1024px\" \/><button\n\t\t\tclass=\"lightbox-trigger\"\n\t\t\ttype=\"button\"\n\t\t\taria-haspopup=\"dialog\"\n\t\t\taria-label=\"Zv\u00e4\u010d\u0161i\u0165\"\n\t\t\tdata-wp-init=\"callbacks.initTriggerButton\"\n\t\t\tdata-wp-on--click=\"actions.showLightbox\"\n\t\t\tdata-wp-style--right=\"state.imageButtonRight\"\n\t\t\tdata-wp-style--top=\"state.imageButtonTop\"\n\t\t>\n\t\t\t<svg xmlns=\"http:\/\/www.w3.org\/2000\/svg\" width=\"12\" height=\"12\" fill=\"none\" viewBox=\"0 0 12 12\">\n\t\t\t\t<path fill=\"#fff\" d=\"M2 0a2 2 0 0 0-2 2v2h1.5V2a.5.5 0 0 1 .5-.5h2V0H2Zm2 10.5H2a.5.5 0 0 1-.5-.5V8H0v2a2 2 0 0 0 2 2h2v-1.5ZM8 12v-1.5h2a.5.5 0 0 0 .5-.5V8H12v2a2 2 0 0 1-2 2H8Zm2-12a2 2 0 0 1 2 2v2h-1.5V2a.5.5 0 0 0-.5-.5H8V0h2Z\" \/>\n\t\t\t<\/svg>\n\t\t<\/button><\/figure>\n<\/div><\/div><\/div>\n\n\n\n<div class=\"wp-block-group profil-sekcia\"><div class=\"wp-block-group__inner-container is-layout-constrained wp-block-group-is-layout-constrained\">\n<p><strong>Head of Department:\u00a0<a href=\"https:\/\/kf.ekf.tuke.sk\/index.php\/andrejovska_alena_sk\/\" data-type=\"page\" data-id=\"1460\">doc. Ing. Alena ANDREJOVSK\u00c1, PhD.<\/a><\/strong><\/p>\n\n\n\n<p><strong>Contact:\u00a0<\/strong><br>Adress: N\u011bmcovej 32, 040 01 Ko\u0161ice, Slovak republic<br>Phone: +421 55 602 3288<br>E-mail: alena.andrejovska@tuke.sk<\/p>\n<\/div><\/div>\n\n\n\n<p><\/p>\n","protected":false},"excerpt":{"rendered":"<p>About the Department of Finance Department of Finance TUKE: Shaping Experts for the World of Finance and Public Administration The Department of Finance provides expert training for students of the Faculty of Economics (TUKE) in key study programs: Our mission is to educate financial managers and economists with specialized knowledge in financial markets, derivatives, banking,&hellip;&nbsp;<a href=\"https:\/\/kf.ekf.tuke.sk\/index.php\/en\/about-us\/\" class=\"\" rel=\"bookmark\">\u010c\u00edta\u0165 viac &raquo;<span class=\"screen-reader-text\">About us<\/span><\/a><\/p>\n","protected":false},"author":1,"featured_media":0,"parent":0,"menu_order":0,"comment_status":"closed","ping_status":"closed","template":"","meta":{"neve_meta_sidebar":"","neve_meta_container":"","neve_meta_enable_content_width":"","neve_meta_content_width":0,"neve_meta_title_alignment":"","neve_meta_author_avatar":"","neve_post_elements_order":"","neve_meta_disable_header":"","neve_meta_disable_footer":"","neve_meta_disable_title":"on","_themeisle_gutenberg_block_has_review":false,"footnotes":""},"class_list":["post-1710","page","type-page","status-publish","hentry"],"_links":{"self":[{"href":"https:\/\/kf.ekf.tuke.sk\/index.php\/wp-json\/wp\/v2\/pages\/1710","targetHints":{"allow":["GET"]}}],"collection":[{"href":"https:\/\/kf.ekf.tuke.sk\/index.php\/wp-json\/wp\/v2\/pages"}],"about":[{"href":"https:\/\/kf.ekf.tuke.sk\/index.php\/wp-json\/wp\/v2\/types\/page"}],"author":[{"embeddable":true,"href":"https:\/\/kf.ekf.tuke.sk\/index.php\/wp-json\/wp\/v2\/users\/1"}],"replies":[{"embeddable":true,"href":"https:\/\/kf.ekf.tuke.sk\/index.php\/wp-json\/wp\/v2\/comments?post=1710"}],"version-history":[{"count":1,"href":"https:\/\/kf.ekf.tuke.sk\/index.php\/wp-json\/wp\/v2\/pages\/1710\/revisions"}],"predecessor-version":[{"id":1711,"href":"https:\/\/kf.ekf.tuke.sk\/index.php\/wp-json\/wp\/v2\/pages\/1710\/revisions\/1711"}],"wp:attachment":[{"href":"https:\/\/kf.ekf.tuke.sk\/index.php\/wp-json\/wp\/v2\/media?parent=1710"}],"curies":[{"name":"wp","href":"https:\/\/api.w.org\/{rel}","templated":true}]}}