{"id":337,"date":"2021-11-28T21:07:26","date_gmt":"2021-11-28T21:07:26","guid":{"rendered":"http:\/\/www4.ekf.tuke.sk\/kf\/?page_id=337"},"modified":"2023-11-06T08:42:34","modified_gmt":"2023-11-06T07:42:34","slug":"bc-2-rocnik","status":"publish","type":"page","link":"https:\/\/kf.ekf.tuke.sk\/index.php\/bc-2-rocnik\/","title":{"rendered":"Bc. 2. ro\u010dn\u00edk"},"content":{"rendered":"\n<div class=\"wp-block-cover alignfull\"><span aria-hidden=\"true\" class=\"wp-block-cover__background has-background-dim-70 has-background-dim wp-block-cover__gradient-background has-background-gradient has-cool-to-warm-spectrum-gradient-background\"><\/span><img loading=\"lazy\" decoding=\"async\" width=\"1920\" height=\"1371\" class=\"wp-block-cover__image-background wp-image-328\" alt=\"\" src=\"https:\/\/kf.ekf.tuke.sk\/wp-content\/uploads\/2021\/11\/pexels-pixabay-261909.jpg\" data-object-fit=\"cover\" srcset=\"https:\/\/kf.ekf.tuke.sk\/wp-content\/uploads\/2021\/11\/pexels-pixabay-261909.jpg 1920w, https:\/\/kf.ekf.tuke.sk\/wp-content\/uploads\/2021\/11\/pexels-pixabay-261909-300x214.jpg 300w, https:\/\/kf.ekf.tuke.sk\/wp-content\/uploads\/2021\/11\/pexels-pixabay-261909-1024x731.jpg 1024w, https:\/\/kf.ekf.tuke.sk\/wp-content\/uploads\/2021\/11\/pexels-pixabay-261909-768x548.jpg 768w, https:\/\/kf.ekf.tuke.sk\/wp-content\/uploads\/2021\/11\/pexels-pixabay-261909-1536x1097.jpg 1536w\" sizes=\"auto, (max-width: 1920px) 100vw, 1920px\" \/><div class=\"wp-block-cover__inner-container is-layout-flow wp-block-cover-is-layout-flow\">\n<p class=\"has-text-align-center has-nv-text-dark-bg-color has-text-color\" style=\"font-size:50px\"><strong>Bc. 2. ro\u010dn\u00edk<\/strong><\/p>\n<\/div><\/div>\n\n\n\n<p><\/p>\n\n\n\n<h3 class=\"wp-block-heading\"><mark style=\"background-color:rgba(0, 0, 0, 0)\" class=\"has-inline-color has-neve-link-color-color\">Zimn\u00fd semester<\/mark><\/h3>\n\n\n\n<figure class=\"wp-block-table\"><table><tbody><tr><td class=\"has-text-align-center\" data-align=\"center\"><strong>Predmet<\/strong><\/td><td class=\"has-text-align-center\" data-align=\"center\"><strong>Odbor<\/strong><\/td><td class=\"has-text-align-center\" data-align=\"center\"><strong>Predn\u00e1\u0161aj\u00faci<\/strong><\/td><td class=\"has-text-align-center\" data-align=\"center\"><strong>Cvi\u010diaci<\/strong><\/td><\/tr><tr><td class=\"has-text-align-center\" data-align=\"center\"><a href=\"http:\/\/maisportal.tuke.sk\/portal\/tlacPredmetuOSP.mais?predmetId=49762250&amp;lang=sk\" target=\"_blank\" rel=\"noreferrer noopener\"><strong>Financie a mena<\/strong><\/a><\/td><td class=\"has-text-align-center\" data-align=\"center\"> FBI, EaMVS <\/td><td class=\"has-text-align-center\" data-align=\"center\"> <a href=\"https:\/\/kf.ekf.tuke.sk\/index.php\/doc-ing-mvdr-jan-buleca-phd\/\" data-type=\"page\" data-id=\"539\">doc. Ing. MVDr. J\u00e1n Buleca, PhD. <\/a><\/td><td class=\"has-text-align-center\" data-align=\"center\"><a href=\"https:\/\/kf.ekf.tuke.sk\/index.php\/ing-nikola-subova-phd\/\" data-type=\"page\" data-id=\"631\">Ing. Nikola \u0160ubov\u00e1, PhD.<\/a><br><a href=\"https:\/\/kf.ekf.tuke.sk\/index.php\/ing-eva-fedurcova\/\" data-type=\"page\" data-id=\"659\">Ing. Eva Fedurcov\u00e1<\/a><br><a href=\"https:\/\/kf.ekf.tuke.sk\/index.php\/ing-simona-juhasova\/\" data-type=\"page\" data-id=\"677\">Ing. Simona Juh\u00e1sov\u00e1<\/a><\/td><\/tr><tr><td class=\"has-text-align-center\" data-align=\"center\"><a href=\"http:\/\/maisportal.tuke.sk\/portal\/tlacPredmetuOSP.mais?predmetId=49762422&amp;lang=sk\" target=\"_blank\" rel=\"noreferrer noopener\"><strong>Finan\u010dn\u00e9 trhy<\/strong><\/a><\/td><td class=\"has-text-align-center\" data-align=\"center\">FBI,<br>EaMVS<\/td><td class=\"has-text-align-center\" data-align=\"center\"><a href=\"https:\/\/kf.ekf.tuke.sk\/index.php\/ing-radoslav-bajus-phd\/\" data-type=\"page\" data-id=\"583\">Ing. Radoslav Bajus, PhD.<\/a><\/td><td class=\"has-text-align-center\" data-align=\"center\"><a href=\"https:\/\/kf.ekf.tuke.sk\/index.php\/ing-radoslav-bajus-phd\/\" data-type=\"page\" data-id=\"583\">Ing. Radoslav Bajus, PhD.<\/a><br><a href=\"https:\/\/kf.ekf.tuke.sk\/index.php\/ing-martina-bobrikova-phd\/\" data-type=\"page\" data-id=\"593\">Ing. Martina Bobr\u00edkov\u00e1, PhD.<\/a><br><a href=\"https:\/\/kf.ekf.tuke.sk\/index.php\/ing-daniela-hadacova\/\" data-type=\"page\" data-id=\"668\">Ing. Daniela Hada\u010dov\u00e1<\/a><br>Ing. Jana Luk\u00e1\u010dov\u00e1<\/td><\/tr><tr><td class=\"has-text-align-center\" data-align=\"center\"><strong><a href=\"http:\/\/maisportal.tuke.sk\/portal\/tlacPredmetuOSP.mais?predmetId=49762710&amp;lang=sk\" target=\"_blank\" rel=\"noreferrer noopener\">Rodinn\u00e9 financie<\/a><\/strong><\/td><td class=\"has-text-align-center\" data-align=\"center\">FBI,<br>EaMVS<\/td><td class=\"has-text-align-center\" data-align=\"center\"><a href=\"https:\/\/kf.ekf.tuke.sk\/index.php\/doc-ing-mvdr-jan-buleca-phd\/\" data-type=\"page\" data-id=\"539\"> doc. Ing. MVDr. J\u00e1n Buleca, PhD. <\/a><\/td><td class=\"has-text-align-center\" data-align=\"center\"><\/td><\/tr><tr><td class=\"has-text-align-center\" data-align=\"center\"><a href=\"http:\/\/maisportal.tuke.sk\/portal\/tlacPredmetuOSP.mais?predmetId=49762733&amp;lang=sk\" target=\"_blank\" rel=\"noreferrer noopener\"><strong>\u00da\u010dtovn\u00edctvo<\/strong><\/a><\/td><td class=\"has-text-align-center\" data-align=\"center\">EaMVS<\/td><td class=\"has-text-align-center\" data-align=\"center\"><a href=\"https:\/\/kf.ekf.tuke.sk\/index.php\/doc-ing-alena-andrejovska-phd\/\" data-type=\"page\" data-id=\"528\">doc. Alena Andrejovsk\u00e1, PhD.<\/a><\/td><td class=\"has-text-align-center\" data-align=\"center\"><a href=\"https:\/\/kf.ekf.tuke.sk\/index.php\/ing-robert-oravsky-phd\/\" data-type=\"page\" data-id=\"609\">Ing. R\u00f3bert Oravsk\u00fd, PhD.<\/a><\/td><\/tr><tr><td class=\"has-text-align-center\" data-align=\"center\"><strong><a href=\"http:\/\/maisportal.tuke.sk\/portal\/tlacPredmetuOSP.mais?predmetId=49762787&amp;lang=sk\" target=\"_blank\" rel=\"noreferrer noopener\">\u00da\u010dtovn\u00edctvo I.<\/a><\/strong><\/td><td class=\"has-text-align-center\" data-align=\"center\">FBI<\/td><td class=\"has-text-align-center\" data-align=\"center\"><a href=\"https:\/\/kf.ekf.tuke.sk\/index.php\/doc-ing-alena-andrejovska-phd\/\" data-type=\"page\" data-id=\"528\">doc. Alena Andrejovsk\u00e1, PhD.<\/a><\/td><td class=\"has-text-align-center\" data-align=\"center\"><a href=\"https:\/\/kf.ekf.tuke.sk\/index.php\/doc-ing-alena-andrejovska-phd\/\" data-type=\"page\" data-id=\"528\">doc. Alena Andrejovsk\u00e1, PhD.<\/a><br><a href=\"https:\/\/kf.ekf.tuke.sk\/index.php\/ing-robert-oravsky-phd\/\" data-type=\"page\" data-id=\"609\">Ing. R\u00f3bert Oravsk\u00fd, PhD.<\/a><br><a href=\"https:\/\/kf.ekf.tuke.sk\/index.php\/ing-lenka-hudakova-stasova-phd\/\" data-type=\"page\" data-id=\"601\">Ing. Lenka Hud\u00e1kov\u00e1 Sta\u0161ov\u00e1, PhD.<\/a><br><a href=\"https:\/\/kf.ekf.tuke.sk\/index.php\/ing-martin-zoricak-phd\/\" data-type=\"page\" data-id=\"648\">Ing. Martin Zori\u010d\u00e1k, PHD.<\/a><\/td><\/tr><\/tbody><\/table><\/figure>\n\n\n\n<h3 class=\"wp-block-heading\"><mark style=\"background-color:rgba(0, 0, 0, 0)\" class=\"has-inline-color has-neve-link-color-color\">Letn\u00fd semester<\/mark><\/h3>\n\n\n\n<figure class=\"wp-block-table\"><table><tbody><tr><td class=\"has-text-align-center\" data-align=\"center\"><strong>Predmet<\/strong><\/td><td class=\"has-text-align-center\" data-align=\"center\"><strong>Odbor<\/strong><\/td><td class=\"has-text-align-center\" data-align=\"center\"><strong>Predn\u00e1\u0161aj\u00faci<\/strong><\/td><td class=\"has-text-align-center\" data-align=\"center\"><strong>Cvi\u010diaci<\/strong><\/td><\/tr><tr><td class=\"has-text-align-center\" data-align=\"center\"><strong><a rel=\"noreferrer noopener\" href=\"http:\/\/maisportal.tuke.sk\/portal\/tlacPredmetuOSP.mais?predmetId=49762140&amp;lang=sk\" target=\"_blank\">Controlling<\/a><\/strong><\/td><td class=\"has-text-align-center\" data-align=\"center\">FBI, EaMVS<\/td><td class=\"has-text-align-center\" data-align=\"center\"><a href=\"https:\/\/kf.ekf.tuke.sk\/index.php\/ing-radoslav-bajus-phd\/\">Ing. Radoslav Bajus, PhD.<\/a><\/td><td class=\"has-text-align-center\" data-align=\"center\"><\/td><\/tr><tr><td class=\"has-text-align-center\" data-align=\"center\"><strong><a rel=\"noreferrer noopener\" href=\"http:\/\/maisportal.tuke.sk\/portal\/tlacPredmetuOSP.mais?predmetId=49762161&amp;lang=sk\" target=\"_blank\">Dane podnikate\u013esk\u00fdch subjektov<\/a><\/strong><\/td><td class=\"has-text-align-center\" data-align=\"center\">FBI, EaMVS<\/td><td class=\"has-text-align-center\" data-align=\"center\"><a href=\"https:\/\/kf.ekf.tuke.sk\/index.php\/doc-ing-anna-banociova-phd\/\">doc. Ing. Anna B\u00e1nociov\u00e1, PhD.<\/a><\/td><td class=\"has-text-align-center\" data-align=\"center\"><a href=\"https:\/\/kf.ekf.tuke.sk\/index.php\/ing-radoslav-bajus-phd\/\">Ing. Radoslav Bajus, PhD.<\/a><br><a href=\"https:\/\/kf.ekf.tuke.sk\/index.php\/ing-robert-oravsky-phd\/\">Ing. R\u00f3bert Oravsk\u00fd, PhD.<\/a><br><a href=\"https:\/\/kf.ekf.tuke.sk\/index.php\/ing-martin-zoricak-phd\/\">Ing. Martin Zori\u010d\u00e1k, PhD.<\/a><\/td><\/tr><tr><td class=\"has-text-align-center\" data-align=\"center\"><strong><a rel=\"noreferrer noopener\" href=\"http:\/\/maisportal.tuke.sk\/portal\/tlacPredmetuOSP.mais?predmetId=49762666&amp;lang=sk\" target=\"_blank\">Podnikov\u00e9 financie<\/a><\/strong><\/td><td class=\"has-text-align-center\" data-align=\"center\">FBI,<br>EaMVS<\/td><td class=\"has-text-align-center\" data-align=\"center\"><a href=\"https:\/\/kf.ekf.tuke.sk\/index.php\/ing-radoslav-bajus-phd\/\">Ing. Radoslav Bajus, PhD.<\/a><\/td><td class=\"has-text-align-center\" data-align=\"center\"><a href=\"https:\/\/kf.ekf.tuke.sk\/index.php\/doc-ing-mvdr-jan-buleca-phd\/\">doc. Ing. MVDr. J\u00e1n Buleca, PhD.<\/a><br><a href=\"https:\/\/kf.ekf.tuke.sk\/index.php\/ing-simona-juhasova\/\" data-type=\"page\" data-id=\"677\">Ing. Simona Juh\u00e1sov\u00e1<\/a><br><a href=\"https:\/\/kf.ekf.tuke.sk\/index.php\/ing-nikola-subova-phd\/\" data-type=\"page\" data-id=\"631\">Ing. Nikola \u0160ubov\u00e1, PhD.<\/a><\/td><\/tr><tr><td class=\"has-text-align-center\" data-align=\"center\"><a rel=\"noreferrer noopener\" href=\"http:\/\/maisportal.tuke.sk\/portal\/tlacPredmetuOSP.mais?predmetId=49762757&amp;lang=sk\" target=\"_blank\"><strong>\u00da\u010dtovn\u00edctvo II.<\/strong><\/a><\/td><td class=\"has-text-align-center\" data-align=\"center\">FBI<\/td><td class=\"has-text-align-center\" data-align=\"center\"><a href=\"https:\/\/kf.ekf.tuke.sk\/index.php\/ing-lenka-hudakova-stasova-phd\/\" data-type=\"page\" data-id=\"601\">Ing. Lenka Hud\u00e1kov\u00e1 Sta\u0161ov\u00e1, PhD.<\/a><\/td><td class=\"has-text-align-center\" data-align=\"center\"><a href=\"https:\/\/kf.ekf.tuke.sk\/index.php\/doc-ing-alena-andrejovska-phd\/\" data-type=\"page\" data-id=\"528\">doc. Alena Andrejovsk\u00e1, PhD.<\/a><br><a href=\"https:\/\/kf.ekf.tuke.sk\/index.php\/ing-lenka-hudakova-stasova-phd\/\" data-type=\"page\" data-id=\"601\">Ing. Lenka Hud\u00e1kov\u00e1 Sta\u0161ov\u00e1, PhD.<\/a><br><a href=\"https:\/\/kf.ekf.tuke.sk\/index.php\/ing-peter-toth-phd\/\" data-type=\"page\" data-id=\"232\">Ing. Peter T\u00f3th, PhD.<\/a><\/td><\/tr><tr><td class=\"has-text-align-center\" data-align=\"center\"><strong>\u00da\u010dtovn\u00edctvo v informa\u010dn\u00fdch syst\u00e9moch<\/strong><\/td><td class=\"has-text-align-center\" data-align=\"center\">HI<\/td><td class=\"has-text-align-center\" data-align=\"center\"><a href=\"https:\/\/kf.ekf.tuke.sk\/index.php\/doc-ing-alena-andrejovska-phd\/\" data-type=\"page\" data-id=\"528\">doc. Alena Andrejovsk\u00e1, PhD.<\/a><\/td><td class=\"has-text-align-center\" data-align=\"center\"><a href=\"https:\/\/kf.ekf.tuke.sk\/index.php\/ing-martin-zoricak-phd\/\">Ing. Martin Zori\u010d\u00e1k, PhD.<\/a><\/td><\/tr><\/tbody><\/table><\/figure>\n\n\n\n<p><\/p>\n","protected":false},"excerpt":{"rendered":"<p>Zimn\u00fd semester Predmet Odbor Predn\u00e1\u0161aj\u00faci Cvi\u010diaci Financie a mena FBI, EaMVS doc. Ing. MVDr. J\u00e1n Buleca, PhD. Ing. Nikola \u0160ubov\u00e1, PhD.Ing. Eva Fedurcov\u00e1Ing. Simona Juh\u00e1sov\u00e1 Finan\u010dn\u00e9 trhy FBI,EaMVS Ing. Radoslav Bajus, PhD. Ing. Radoslav Bajus, PhD.Ing. Martina Bobr\u00edkov\u00e1, PhD.Ing. Daniela Hada\u010dov\u00e1Ing. Jana Luk\u00e1\u010dov\u00e1 Rodinn\u00e9 financie FBI,EaMVS doc. Ing. MVDr. J\u00e1n Buleca, PhD. \u00da\u010dtovn\u00edctvo EaMVS doc.&hellip;&nbsp;<a href=\"https:\/\/kf.ekf.tuke.sk\/index.php\/bc-2-rocnik\/\" class=\"\" rel=\"bookmark\">\u010c\u00edta\u0165 viac &raquo;<span class=\"screen-reader-text\">Bc. 2. ro\u010dn\u00edk<\/span><\/a><\/p>\n","protected":false},"author":1,"featured_media":0,"parent":0,"menu_order":0,"comment_status":"closed","ping_status":"closed","template":"","meta":{"neve_meta_sidebar":"","neve_meta_container":"","neve_meta_enable_content_width":"","neve_meta_content_width":0,"neve_meta_title_alignment":"","neve_meta_author_avatar":"","neve_post_elements_order":"","neve_meta_disable_header":"","neve_meta_disable_footer":"","neve_meta_disable_title":"on","_themeisle_gutenberg_block_has_review":false,"footnotes":""},"class_list":["post-337","page","type-page","status-publish","hentry"],"_links":{"self":[{"href":"https:\/\/kf.ekf.tuke.sk\/index.php\/wp-json\/wp\/v2\/pages\/337","targetHints":{"allow":["GET"]}}],"collection":[{"href":"https:\/\/kf.ekf.tuke.sk\/index.php\/wp-json\/wp\/v2\/pages"}],"about":[{"href":"https:\/\/kf.ekf.tuke.sk\/index.php\/wp-json\/wp\/v2\/types\/page"}],"author":[{"embeddable":true,"href":"https:\/\/kf.ekf.tuke.sk\/index.php\/wp-json\/wp\/v2\/users\/1"}],"replies":[{"embeddable":true,"href":"https:\/\/kf.ekf.tuke.sk\/index.php\/wp-json\/wp\/v2\/comments?post=337"}],"version-history":[{"count":25,"href":"https:\/\/kf.ekf.tuke.sk\/index.php\/wp-json\/wp\/v2\/pages\/337\/revisions"}],"predecessor-version":[{"id":1046,"href":"https:\/\/kf.ekf.tuke.sk\/index.php\/wp-json\/wp\/v2\/pages\/337\/revisions\/1046"}],"wp:attachment":[{"href":"https:\/\/kf.ekf.tuke.sk\/index.php\/wp-json\/wp\/v2\/media?parent=337"}],"curies":[{"name":"wp","href":"https:\/\/api.w.org\/{rel}","templated":true}]}}