{"id":528,"date":"2022-02-02T21:16:04","date_gmt":"2022-02-02T21:16:04","guid":{"rendered":"http:\/\/www4.ekf.tuke.sk\/kf\/?page_id=528"},"modified":"2023-11-06T08:44:19","modified_gmt":"2023-11-06T07:44:19","slug":"doc-ing-alena-andrejovska-phd","status":"publish","type":"page","link":"https:\/\/kf.ekf.tuke.sk\/index.php\/doc-ing-alena-andrejovska-phd\/","title":{"rendered":"doc. Ing. Alena Andrejovsk\u00e1, PhD."},"content":{"rendered":"\n<div class=\"wp-block-cover alignfull\"><span aria-hidden=\"true\" class=\"wp-block-cover__background has-background-dim-70 has-background-dim wp-block-cover__gradient-background has-background-gradient has-cool-to-warm-spectrum-gradient-background\"><\/span><img loading=\"lazy\" decoding=\"async\" width=\"1920\" height=\"1271\" class=\"wp-block-cover__image-background wp-image-233\" alt=\"\" src=\"https:\/\/kf.ekf.tuke.sk\/wp-content\/uploads\/2021\/11\/pexels-lukas-669621.jpg\" data-object-fit=\"cover\" srcset=\"https:\/\/kf.ekf.tuke.sk\/wp-content\/uploads\/2021\/11\/pexels-lukas-669621.jpg 1920w, https:\/\/kf.ekf.tuke.sk\/wp-content\/uploads\/2021\/11\/pexels-lukas-669621-300x199.jpg 300w, https:\/\/kf.ekf.tuke.sk\/wp-content\/uploads\/2021\/11\/pexels-lukas-669621-1024x678.jpg 1024w, https:\/\/kf.ekf.tuke.sk\/wp-content\/uploads\/2021\/11\/pexels-lukas-669621-768x508.jpg 768w, https:\/\/kf.ekf.tuke.sk\/wp-content\/uploads\/2021\/11\/pexels-lukas-669621-1536x1017.jpg 1536w\" sizes=\"auto, (max-width: 1920px) 100vw, 1920px\" \/><div class=\"wp-block-cover__inner-container is-layout-flow wp-block-cover-is-layout-flow\">\n<p class=\"has-text-align-center\" style=\"font-size:50px\"><strong>doc. Ing. Alena Andrejovsk\u00e1, PhD.<\/strong><\/p>\n<\/div><\/div>\n\n\n\n<p><\/p>\n\n\n\n<div class=\"wp-block-columns is-layout-flex wp-container-core-columns-is-layout-9d6595d7 wp-block-columns-is-layout-flex\">\n<div class=\"wp-block-column is-layout-flow wp-block-column-is-layout-flow\" style=\"flex-basis:66.66%\">\n<p class=\"has-medium-font-size\"> <strong>docentka<\/strong><\/p>\n\n\n\n<hr class=\"wp-block-separator has-css-opacity is-style-default\"\/>\n\n\n\n<p><img loading=\"lazy\" decoding=\"async\" width=\"20\" height=\"20\" class=\"wp-image-139\" style=\"width: 20px;\" src=\"https:\/\/kf.ekf.tuke.sk\/wp-content\/uploads\/2021\/10\/87-512-1.png\" alt=\"\" srcset=\"https:\/\/kf.ekf.tuke.sk\/wp-content\/uploads\/2021\/10\/87-512-1.png 512w, https:\/\/kf.ekf.tuke.sk\/wp-content\/uploads\/2021\/10\/87-512-1-300x300.png 300w, https:\/\/kf.ekf.tuke.sk\/wp-content\/uploads\/2021\/10\/87-512-1-150x150.png 150w\" sizes=\"auto, (max-width: 20px) 100vw, 20px\" \/> 325 \/ 3. poschodie<br><img loading=\"lazy\" decoding=\"async\" width=\"20\" height=\"20\" class=\"wp-image-137\" style=\"width: 20px;\" src=\"https:\/\/kf.ekf.tuke.sk\/wp-content\/uploads\/2021\/10\/mail-1281.jpg\" alt=\"\"> <a rel=\"noreferrer noopener\" href=\"mailto:alena.andrejovska@tuke.sk\" target=\"_blank\">alena.andrejovska@tuke.sk<\/a><br><img loading=\"lazy\" decoding=\"async\" width=\"20\" height=\"20\" class=\"wp-image-138\" style=\"width: 20px;\" src=\"https:\/\/kf.ekf.tuke.sk\/wp-content\/uploads\/2021\/10\/telephone_phone_call-2-512.jpg\" alt=\"\" srcset=\"https:\/\/kf.ekf.tuke.sk\/wp-content\/uploads\/2021\/10\/telephone_phone_call-2-512.jpg 512w, https:\/\/kf.ekf.tuke.sk\/wp-content\/uploads\/2021\/10\/telephone_phone_call-2-512-300x300.jpg 300w, https:\/\/kf.ekf.tuke.sk\/wp-content\/uploads\/2021\/10\/telephone_phone_call-2-512-150x150.jpg 150w\" sizes=\"auto, (max-width: 20px) 100vw, 20px\" \/> +421 55 602 32 88<br><img loading=\"lazy\" decoding=\"async\" width=\"20\" height=\"20\" class=\"wp-image-258\" style=\"width: 20px;\" src=\"https:\/\/kf.ekf.tuke.sk\/wp-content\/uploads\/2021\/11\/768px-ORCID_iD.svg_.png\" alt=\"\" srcset=\"https:\/\/kf.ekf.tuke.sk\/wp-content\/uploads\/2021\/11\/768px-ORCID_iD.svg_.png 768w, https:\/\/kf.ekf.tuke.sk\/wp-content\/uploads\/2021\/11\/768px-ORCID_iD.svg_-300x300.png 300w, https:\/\/kf.ekf.tuke.sk\/wp-content\/uploads\/2021\/11\/768px-ORCID_iD.svg_-150x150.png 150w\" sizes=\"auto, (max-width: 20px) 100vw, 20px\" \/> <a rel=\"noreferrer noopener\" href=\"https:\/\/orcid.org\/0000-0001-5954-3008\" target=\"_blank\">0000-0001-5954-3008<\/a><br><img loading=\"lazy\" decoding=\"async\" width=\"20\" height=\"20\" class=\"wp-image-278\" style=\"width: 20px;\" src=\"https:\/\/kf.ekf.tuke.sk\/wp-content\/uploads\/2021\/11\/publons_logo.png\" alt=\"\" srcset=\"https:\/\/kf.ekf.tuke.sk\/wp-content\/uploads\/2021\/11\/publons_logo.png 225w, https:\/\/kf.ekf.tuke.sk\/wp-content\/uploads\/2021\/11\/publons_logo-150x150.png 150w\" sizes=\"auto, (max-width: 20px) 100vw, 20px\" \/> <a rel=\"noreferrer noopener\" href=\"https:\/\/publons.com\/researcher\/3306360\/alena-andrejovska\/\" target=\"_blank\">https:\/\/publons.com\/researcher\/3306360\/alena-andrejovska\/<\/a><br><img loading=\"lazy\" decoding=\"async\" width=\"20\" height=\"20\" class=\"wp-image-280\" style=\"width: 20px;\" src=\"https:\/\/kf.ekf.tuke.sk\/wp-content\/uploads\/2021\/11\/researchgate_logo.png\" alt=\"\" srcset=\"https:\/\/kf.ekf.tuke.sk\/wp-content\/uploads\/2021\/11\/researchgate_logo.png 225w, https:\/\/kf.ekf.tuke.sk\/wp-content\/uploads\/2021\/11\/researchgate_logo-150x150.png 150w\" sizes=\"auto, (max-width: 20px) 100vw, 20px\" \/> <a rel=\"noreferrer noopener\" href=\"https:\/\/www.researchgate.net\/profile\/Alena-Andrejovska\" target=\"_blank\">https:\/\/www.researchgate.net\/profile\/Alena-Andrejovska<\/a><br><img loading=\"lazy\" decoding=\"async\" width=\"20\" height=\"20\" class=\"wp-image-284\" style=\"width: 20px;\" src=\"https:\/\/kf.ekf.tuke.sk\/wp-content\/uploads\/2021\/11\/scopus-logo.png\" alt=\"\" srcset=\"https:\/\/kf.ekf.tuke.sk\/wp-content\/uploads\/2021\/11\/scopus-logo.png 256w, https:\/\/kf.ekf.tuke.sk\/wp-content\/uploads\/2021\/11\/scopus-logo-150x150.png 150w\" sizes=\"auto, (max-width: 20px) 100vw, 20px\" \/>  <a rel=\"noreferrer noopener\" href=\"https:\/\/www.scopus.com\/authid\/detail.uri?authorId=56155246000\" target=\"_blank\">56155246000<\/a><br><img loading=\"lazy\" decoding=\"async\" width=\"20\" height=\"20\" class=\"wp-image-285\" style=\"width: 20px;\" src=\"https:\/\/kf.ekf.tuke.sk\/wp-content\/uploads\/2021\/11\/linkedin_logo.png\" alt=\"\" srcset=\"https:\/\/kf.ekf.tuke.sk\/wp-content\/uploads\/2021\/11\/linkedin_logo.png 256w, https:\/\/kf.ekf.tuke.sk\/wp-content\/uploads\/2021\/11\/linkedin_logo-150x150.png 150w\" sizes=\"auto, (max-width: 20px) 100vw, 20px\" \/> <\/p>\n<\/div>\n\n\n\n<div class=\"wp-block-column is-layout-flow wp-block-column-is-layout-flow\" style=\"flex-basis:33.33%\"><div class=\"wp-block-image is-style-default\">\n<figure class=\"alignright size-full is-resized\"><img loading=\"lazy\" decoding=\"async\" width=\"576\" height=\"768\" src=\"https:\/\/kf.ekf.tuke.sk\/wp-content\/uploads\/2022\/02\/andrejovska.jpg\" alt=\"\" class=\"wp-image-529\" style=\"width:250px\" srcset=\"https:\/\/kf.ekf.tuke.sk\/wp-content\/uploads\/2022\/02\/andrejovska.jpg 576w, https:\/\/kf.ekf.tuke.sk\/wp-content\/uploads\/2022\/02\/andrejovska-225x300.jpg 225w\" sizes=\"auto, (max-width: 576px) 100vw, 576px\" \/><\/figure>\n<\/div><\/div>\n<\/div>\n\n\n\n<hr class=\"wp-block-separator has-css-opacity\"\/>\n\n\n\n<h5 class=\"wp-block-heading has-text-align-center\" id=\"pedagogicka-cinnost\">Pedagogick\u00e1 \u010dinnos\u0165 <\/h5>\n\n\n\n<div class=\"wp-block-columns is-layout-flex wp-container-core-columns-is-layout-9d6595d7 wp-block-columns-is-layout-flex\">\n<div class=\"wp-block-column is-layout-flow wp-block-column-is-layout-flow\">\n<p class=\"has-text-align-center\"><em><strong>Predn\u00e1\u0161ky<\/strong><\/em><br>\u00da\u010dtovn\u00edctvo<br>\u00da\u010dtovn\u00edctvo I.<br>\u00da\u010dtovn\u00edctvo v IS<\/p>\n<\/div>\n\n\n\n<div class=\"wp-block-column is-layout-flow wp-block-column-is-layout-flow\">\n<p class=\"has-text-align-center\"><strong><em>Semin\u00e1re<\/em><\/strong><br>\u00da\u010dtovn\u00edctvo<br>\u00da\u010dtovn\u00edctvo I.<br>\u00da\u010dtovn\u00edctvo pe\u0148a\u017en\u00fdch \u00fastavov<br>\u00da\u010dtovn\u00edctvo II.<\/p>\n<\/div>\n\n\n\n<div class=\"wp-block-column is-layout-flow wp-block-column-is-layout-flow\">\n<p class=\"has-text-align-center\"><em><strong>T\u00e9my z\u00e1vere\u010dn\u00fdch pr\u00e1c<\/strong><\/em><br>Da\u0148ov\u00e1 oblas\u0165<br>Oblas\u0165 \u00fa\u010dtovn\u00edctva<\/p>\n<\/div>\n<\/div>\n\n\n\n<div class=\"wp-block-columns is-layout-flex wp-container-core-columns-is-layout-9d6595d7 wp-block-columns-is-layout-flex\">\n<div class=\"wp-block-column is-layout-flow wp-block-column-is-layout-flow\">\n<p class=\"has-text-align-center\"><strong><em><a href=\"https:\/\/at.tuke.sk\/schedule\/employee\/7855\/2022-02-02\" target=\"_blank\" rel=\"noreferrer noopener\">Rozvrh hod\u00edn<\/a><\/em><\/strong><\/p>\n<\/div>\n\n\n\n<div class=\"wp-block-column is-layout-flow wp-block-column-is-layout-flow\">\n<p class=\"has-text-align-center\"><em><strong>Konzulta\u010dn\u00e9 hodiny<\/strong><\/em><br>Utorok 10:00 &#8211; 11:00<\/p>\n<\/div>\n\n\n\n<div class=\"wp-block-column is-layout-flow wp-block-column-is-layout-flow\">\n<p class=\"has-text-align-center\"><strong><em>Bakal\u00e1rsky a diplomov\u00fd semin\u00e1r<\/em><\/strong><br>Streda 10:00 &#8211; 11:00<\/p>\n<\/div>\n<\/div>\n\n\n\n<hr class=\"wp-block-separator has-css-opacity\"\/>\n\n\n\n<h5 class=\"wp-block-heading has-text-align-center\" id=\"vedecko-vyskumna-cinnost\">Vedecko-v\u00fdskumn\u00e1 \u010dinnos\u0165<\/h5>\n\n\n\n<p class=\"has-text-align-center\"><strong><em>V\u00fdskumn\u00e9 projekty<\/em><\/strong><\/p>\n\n\n\n<ul class=\"wp-block-list\">\n<li>Projekt VEGA \u010d. 1\/0311\/17 Oce\u0148ovanie nehmotn\u00fdch akt\u00edv a sp\u00f4sobov ich vykazovania<\/li>\n\n\n\n<li>Projekt VEGA \u010d. 1\/0430\/19 Investi\u010dn\u00e9 rozhodovanie investorov v kontexte efekt\u00edvneho korpor\u00e1tneho zdanenia<\/li>\n\n\n\n<li>Projekt VEGA \u010d. 1\/0673\/21 Anal\u00fdza ekonomick\u00fdch perspekt\u00edv Industry 4.0 z poh\u013eadu vplyvu nehmotn\u00fdch akt\u00edv na rentabilitu a trhov\u00fa hodnotu priemyseln\u00fdch podnikov<\/li>\n\n\n\n<li>Medzin\u00e1rodn\u00fd projekt: Digital Area for Networking Teachers and Educators \u2013 Dante, \u010d\u00edslo: 2020-1-CZ01-KA226-HE-094368<\/li>\n\n\n\n<li>Medzin\u00e1rodn\u00fd projekt: Networking for Inter-Institutional Cooperation in Entrepreneurial Education \u2013 Nice, \u010d\u00edslo 2020-1-CZ01-KA201-078488\\n\u00e9ho kolekt\u00edvu)<\/li>\n<\/ul>\n\n\n\n<hr class=\"wp-block-separator has-css-opacity\"\/>\n\n\n\n<h5 class=\"wp-block-heading has-text-align-center\" id=\"publikacna-cinnost\">Publika\u010dn\u00e1 \u010dinnos\u0165<\/h5>\n\n\n\n<div class=\"wp-block-group\"><div class=\"wp-block-group__inner-container is-layout-flow wp-block-group-is-layout-flow\">\n<p class=\"has-text-align-center\"><strong><em>Najv\u00fdznamnej\u0161ie publik\u00e1cie<\/em><\/strong><\/p>\n\n\n\n<ul class=\"wp-block-list\">\n<li>Investi\u010dn\u00e9 rozhodovanie investorov z poh\u013eadu korpor\u00e1tneho zdanenia vedeck\u00e1 monografia\/ Alena Andrejovsk\u00e1, Jozef Glova, Veronika Kone\u010dna &#8211; 1. vyd. &#8211; Ko\u0161ice : Technick\u00e1 univerzita v Ko\u0161iciach &#8211; 2020. &#8211; 110 s. [CD-ROM]. &#8211; ISBN 978-80-553-3777-7.<\/li>\n\n\n\n<li>Tax Competitiveness of EU Member States in the Context of Corporate Taxation \/ Lucia Mih\u00f3kov\u00e1, Alena Andrejovsk\u00e1, Slavom\u00edra Martinkov\u00e1 &#8211; 2018.In: Politick\u00e1 ekonomie. &#8211; Praha (\u010cesko) : Vysok\u00e1 \u0161kola ekonomick\u00e1 v Praze Ro\u010d. 66, \u010d. 5 (2018), s. 588-608 [print, online]. &#8211; ISSN 0032-3233<\/li>\n\n\n\n<li>The Impact of Environmental Taxes on Agriculture-the Case of Slovakia \/ Ink\u00e1bov\u00e1 Michala, Alena Andrejovsk\u00e1, Jozef Glova &#8211; 2021.In: Polish Journal of Environmental Studies = PJOES. &#8211; Olsztyn (Po\u013esko) : Hard Ro\u010d. 30, \u010d. 4 (2021), s. 3085-3097 [print, online]. &#8211; ISSN 1230-1485 Sp\u00f4sob pr\u00edstupu: http:\/\/www.pjoes.com\/The-Impact-of-Environmental-Taxes-on-Agriculture-n-the-Case-of-Slovakia,130729,0,2.html.<\/li>\n\n\n\n<li>The Robust Efficiency Estimation in Lower Secondary Education: Cross-Country Evidence \/ Darya Dancakov\u00e1, Jozef Glova, Alena Andrejovsk\u00e1 &#8211; 2021.In: Mathematics. &#8211; Bazilej (\u0160vaj\u010diarsko) : Multidisciplinary Digital Publishing Institute Ro\u010d. 9, \u010d. 24 (2021), s. [1-15] [online]. &#8211; ISSN 2227-7390 (online) Sp\u00f4sob pr\u00edstupu: http:\/\/dx.doi.org\/10.3390\/math9243249.<\/li>\n\n\n\n<li>The impact of macroeconomic indicators on VAT revenues in EU countries \/ Alena Andrejovsk\u00e1, Martina Helcmanovsk\u00e1 &#8211; 2021.In: AD ALTA : journal of interdisciplinary research : recenzovan\u00fd mezioborov\u00fd v\u011bdeck\u00fd \u010dasopis. &#8211; Hradec Kr\u00e1lov\u00e9 (\u010cesko) : Magnanimitas akademick\u00e9 sdru\u017een\u00ed Ro\u010d. 11, \u010d. 1 (2021), s. 78-85 [print, online]. &#8211; ISSN 1804-7890.<\/li>\n<\/ul>\n<\/div><\/div>\n\n\n\n<p><\/p>\n","protected":false},"excerpt":{"rendered":"<p>docentka 325 \/ 3. poschodie alena.andrejovska@tuke.sk +421 55 602 32 88 0000-0001-5954-3008 https:\/\/publons.com\/researcher\/3306360\/alena-andrejovska\/ https:\/\/www.researchgate.net\/profile\/Alena-Andrejovska 56155246000 Pedagogick\u00e1 \u010dinnos\u0165 Predn\u00e1\u0161ky\u00da\u010dtovn\u00edctvo\u00da\u010dtovn\u00edctvo I.\u00da\u010dtovn\u00edctvo v IS Semin\u00e1re\u00da\u010dtovn\u00edctvo\u00da\u010dtovn\u00edctvo I.\u00da\u010dtovn\u00edctvo pe\u0148a\u017en\u00fdch \u00fastavov\u00da\u010dtovn\u00edctvo II. T\u00e9my z\u00e1vere\u010dn\u00fdch pr\u00e1cDa\u0148ov\u00e1 oblas\u0165Oblas\u0165 \u00fa\u010dtovn\u00edctva Rozvrh hod\u00edn Konzulta\u010dn\u00e9 hodinyUtorok 10:00 &#8211; 11:00 Bakal\u00e1rsky a diplomov\u00fd semin\u00e1rStreda 10:00 &#8211; 11:00 Vedecko-v\u00fdskumn\u00e1 \u010dinnos\u0165 V\u00fdskumn\u00e9 projekty Publika\u010dn\u00e1 \u010dinnos\u0165 Najv\u00fdznamnej\u0161ie publik\u00e1cie<\/p>\n","protected":false},"author":20,"featured_media":0,"parent":0,"menu_order":0,"comment_status":"closed","ping_status":"closed","template":"","meta":{"neve_meta_sidebar":"","neve_meta_container":"","neve_meta_enable_content_width":"","neve_meta_content_width":0,"neve_meta_title_alignment":"","neve_meta_author_avatar":"","neve_post_elements_order":"","neve_meta_disable_header":"","neve_meta_disable_footer":"","neve_meta_disable_title":"on","_themeisle_gutenberg_block_has_review":false,"footnotes":""},"class_list":["post-528","page","type-page","status-publish","hentry"],"_links":{"self":[{"href":"https:\/\/kf.ekf.tuke.sk\/index.php\/wp-json\/wp\/v2\/pages\/528","targetHints":{"allow":["GET"]}}],"collection":[{"href":"https:\/\/kf.ekf.tuke.sk\/index.php\/wp-json\/wp\/v2\/pages"}],"about":[{"href":"https:\/\/kf.ekf.tuke.sk\/index.php\/wp-json\/wp\/v2\/types\/page"}],"author":[{"embeddable":true,"href":"https:\/\/kf.ekf.tuke.sk\/index.php\/wp-json\/wp\/v2\/users\/20"}],"replies":[{"embeddable":true,"href":"https:\/\/kf.ekf.tuke.sk\/index.php\/wp-json\/wp\/v2\/comments?post=528"}],"version-history":[{"count":2,"href":"https:\/\/kf.ekf.tuke.sk\/index.php\/wp-json\/wp\/v2\/pages\/528\/revisions"}],"predecessor-version":[{"id":1051,"href":"https:\/\/kf.ekf.tuke.sk\/index.php\/wp-json\/wp\/v2\/pages\/528\/revisions\/1051"}],"wp:attachment":[{"href":"https:\/\/kf.ekf.tuke.sk\/index.php\/wp-json\/wp\/v2\/media?parent=528"}],"curies":[{"name":"wp","href":"https:\/\/api.w.org\/{rel}","templated":true}]}}